{"id":19786,"date":"2026-01-09T09:15:55","date_gmt":"2026-01-09T09:15:55","guid":{"rendered":"https:\/\/primeshop.ee\/?post_type=product&#038;p=19786"},"modified":"2026-03-10T08:24:23","modified_gmt":"2026-03-10T08:24:23","slug":"beauty-oil-ginger-green-tea-fragrance-50-ml","status":"publish","type":"product","link":"https:\/\/primeshop.ee\/et\/shop\/beauty-oil-ginger-green-tea-fragrance-50-ml\/","title":{"rendered":"Beauty Oil Ginger Green Tea Fragrance 50 ml"},"content":{"rendered":"<p><strong>KOOSTIS:<\/strong><\/p>\n<p>HELIANTHUS ANNUUS (SUNFLOWER) SEED OIL, PARFUM (FRAGRANCE), LIMONENE, LINALOOL, DAUCUS CAROTA SATIVA (CARROT) ROOT EXTRACT, OPUNTIA FICUS-INDICA FLOWER EXTRACT, HYDROXYCITRONELLAL, CITRAL, CITRONELLOL<\/p>\n<p>&nbsp;<\/p>\n<p class=\"prod-ss-title color3\">Koostisosade loetelu v\u00f5ib varieeruda, soovitame teil alati kontrollida ostetud toote loendit.<\/p>\n<p class=\"prod-ss-title color3\">\u00a0<strong>JUHISED KASUTAMISEKS:<\/strong><\/p>\n<p class=\"prod-ss-title color3\">Iga p\u00e4ev kandke \u00f5li kergete massaa\u017eidega nahale ja\/v\u00f5i juustele, et seda valgustada.<\/p>","protected":false},"excerpt":{"rendered":"<ul>\n<li>Sensuaalsuse aare, see v\u00e4\u00e4rtuslik \u00f5li \u00fchendab nii suvel kui talvel oma toitva efektiivsuse satiinse j\u00f5uga, mis niisutab* ja sublimeerib samal ajal. Valgustatuna on nii keha kui ka juuksed m\u00e4hitud peenesse l\u00f5hna ning taastavad oma elastsuse ja s\u00e4ra.<\/li>\n<\/ul>\n<p>*epidermise \u00fclemiste kihtide niisutamine<\/p>","protected":false},"featured_media":19787,"comment_status":"open","ping_status":"closed","template":"","meta":[],"product_brand":[350],"product_cat":[328,327],"product_tag":[],"class_list":{"0":"post-19786","1":"product","2":"type-product","3":"status-publish","4":"has-post-thumbnail","6":"product_brand-la-sultane-de-saba","7":"product_cat-beauty-oil","8":"product_cat-body","10":"first","11":"instock","12":"sale","13":"taxable","14":"shipping-taxable","15":"purchasable","16":"product-type-simple"},"_links":{"self":[{"href":"https:\/\/primeshop.ee\/et\/wp-json\/wp\/v2\/product\/19786","targetHints":{"allow":["GET"]}}],"collection":[{"href":"https:\/\/primeshop.ee\/et\/wp-json\/wp\/v2\/product"}],"about":[{"href":"https:\/\/primeshop.ee\/et\/wp-json\/wp\/v2\/types\/product"}],"replies":[{"embeddable":true,"href":"https:\/\/primeshop.ee\/et\/wp-json\/wp\/v2\/comments?post=19786"}],"version-history":[{"count":1,"href":"https:\/\/primeshop.ee\/et\/wp-json\/wp\/v2\/product\/19786\/revisions"}],"predecessor-version":[{"id":19788,"href":"https:\/\/primeshop.ee\/et\/wp-json\/wp\/v2\/product\/19786\/revisions\/19788"}],"wp:featuredmedia":[{"embeddable":true,"href":"https:\/\/primeshop.ee\/et\/wp-json\/wp\/v2\/media\/19787"}],"wp:attachment":[{"href":"https:\/\/primeshop.ee\/et\/wp-json\/wp\/v2\/media?parent=19786"}],"wp:term":[{"taxonomy":"product_brand","embeddable":true,"href":"https:\/\/primeshop.ee\/et\/wp-json\/wp\/v2\/product_brand?post=19786"},{"taxonomy":"product_cat","embeddable":true,"href":"https:\/\/primeshop.ee\/et\/wp-json\/wp\/v2\/product_cat?post=19786"},{"taxonomy":"product_tag","embeddable":true,"href":"https:\/\/primeshop.ee\/et\/wp-json\/wp\/v2\/product_tag?post=19786"}],"curies":[{"name":"wp","href":"https:\/\/api.w.org\/{rel}","templated":true}]}}