{"id":19500,"date":"2025-11-24T11:53:00","date_gmt":"2025-11-24T11:53:00","guid":{"rendered":"https:\/\/primeshop.ee\/?post_type=product&#038;p=19500"},"modified":"2026-03-02T08:48:22","modified_gmt":"2026-03-02T08:48:22","slug":"melting-balm-musk-incense-rose-fragrance-2","status":"publish","type":"product","link":"https:\/\/primeshop.ee\/et\/shop\/melting-balm-musk-incense-rose-fragrance-2\/","title":{"rendered":"Melting Balm  Musk Incense Rose Fragrance"},"content":{"rendered":"<p><strong>KOOSTIS:<\/strong><\/p>\n<p>BUTYROSPERMUM PARKII (SHEA) V\u00d5I, VESI (VESI), PARFUM (L\u00d5HNAAINE), ARAHID\u00dc\u00dcLI ALKOHOL, ARGANIA SPINOSA TUUM\u00d5LI, BEHEN\u00dc\u00dcLALKOHOL, TSETEAR\u00dcLALKOHOOL, KAALIUMTSET\u00dc\u00dcLFOSFAATI, OMU\u00dc\u00dcLDIUMDIALDIUMSOFAAT STEAR\u00dc\u00dcLGLUTAMAAT, TSET\u00dc\u00dcLALKOHOL , BENS\u00dc\u00dcLALKOHOOL, ARAHID\u00dc\u00dcLGLUKOSIID, COCOS NUCIFERA (KOOKOSP\u00c4HLI) \u00d5LI, TSETEAR\u00dc\u00dcLGLUKOSIID, KLOORFENESIIN, KUMARIIIN, SIDRUSKHAPE, KARBOMEER, TSITRONELLOOL, DEH\u00dcDROATSETIHAPE, TOOLISOOLPOHAD, OL\u00dcLIINHAPE HA-ISOMET\u00dcLIIONOON, ALLANTOIIN, LIMONEEN , GERANIOL, TSITRAAL<\/p>\n<p class=\"prod-ss-title color3\">Koostisosade loetelu v\u00f5ib varieeruda, soovitame teil alati kontrollida ostetud toote loendit.<\/p>\n<p class=\"prod-ss-title color3\"><strong>PEAMISED AKTIIVSED KOOSTISAINED:<\/strong><\/p>\n<p class=\"prod-ss-title color3\">Orgaaniline sheav\u00f5i, orgaaniline argaania\u00f5li, orgaaniline magusmandli\u00f5li<\/p>\n<p class=\"prod-ss-title color3\"><strong>JUHISED KASUTAMISEKS:<\/strong><\/p>\n<p class=\"prod-ss-title color3\">Kandke palsam \u00fcle kogu keha, keskendudes kuivadele piirkondadele, nagu k\u00fc\u00fcnarnukid, p\u00f5lved ja kontsad, ning masseerige ringjate liigutustega.<\/p>\n<p>&nbsp;<\/p>\n<p><strong>How to use our melting balm ?<\/strong><\/p>\n<p><strong><iframe loading=\"lazy\" title=\"YouTube video player\" src=\"https:\/\/www.youtube.com\/embed\/loRclROdSwM?modestbranding=1\" width=\"320\" height=\"180\" frameborder=\"0\" allowfullscreen=\"allowfullscreen\" data-mce-fragment=\"1\"><\/iframe><\/strong><\/p>","protected":false},"excerpt":{"rendered":"<p class=\"prod-ss-title color3\"><strong>KIRJELDUS:<\/strong><\/p>\n<p>Nahka toitvate ja elustavate koostisosade kontsentratsioon rikkaliku aroomiga. Eriti t\u00f5hus k\u00f5ige kuivema naha puhul, see t\u00f5eliselt rikkalik ja sulav palsam pakub puhast regenereerivat hooldust, valgustades nahka ja tuues hetke puhta heaolutunde. Rikastatud orgaanilise sheav\u00f5i, orgaanilise magusa mandli\u00f5li ja argaania\u00f5liga, see on kergesti pealekantav ning j\u00e4tab naha elastseks, toidetuks ja \u00f5rnalt l\u00f5hnavaks.<\/p>","protected":false},"featured_media":19736,"comment_status":"open","ping_status":"closed","template":"","meta":[],"product_brand":[350],"product_cat":[327,340],"product_tag":[],"class_list":{"0":"post-19500","1":"product","2":"type-product","3":"status-publish","4":"has-post-thumbnail","6":"product_brand-la-sultane-de-saba","7":"product_cat-body","8":"product_cat-melting-balm","10":"first","11":"instock","12":"taxable","13":"shipping-taxable","14":"purchasable","15":"product-type-simple"},"_links":{"self":[{"href":"https:\/\/primeshop.ee\/et\/wp-json\/wp\/v2\/product\/19500","targetHints":{"allow":["GET"]}}],"collection":[{"href":"https:\/\/primeshop.ee\/et\/wp-json\/wp\/v2\/product"}],"about":[{"href":"https:\/\/primeshop.ee\/et\/wp-json\/wp\/v2\/types\/product"}],"replies":[{"embeddable":true,"href":"https:\/\/primeshop.ee\/et\/wp-json\/wp\/v2\/comments?post=19500"}],"version-history":[{"count":2,"href":"https:\/\/primeshop.ee\/et\/wp-json\/wp\/v2\/product\/19500\/revisions"}],"predecessor-version":[{"id":19505,"href":"https:\/\/primeshop.ee\/et\/wp-json\/wp\/v2\/product\/19500\/revisions\/19505"}],"wp:featuredmedia":[{"embeddable":true,"href":"https:\/\/primeshop.ee\/et\/wp-json\/wp\/v2\/media\/19736"}],"wp:attachment":[{"href":"https:\/\/primeshop.ee\/et\/wp-json\/wp\/v2\/media?parent=19500"}],"wp:term":[{"taxonomy":"product_brand","embeddable":true,"href":"https:\/\/primeshop.ee\/et\/wp-json\/wp\/v2\/product_brand?post=19500"},{"taxonomy":"product_cat","embeddable":true,"href":"https:\/\/primeshop.ee\/et\/wp-json\/wp\/v2\/product_cat?post=19500"},{"taxonomy":"product_tag","embeddable":true,"href":"https:\/\/primeshop.ee\/et\/wp-json\/wp\/v2\/product_tag?post=19500"}],"curies":[{"name":"wp","href":"https:\/\/api.w.org\/{rel}","templated":true}]}}