{"id":19443,"date":"2025-10-21T15:22:01","date_gmt":"2025-10-21T15:22:01","guid":{"rendered":"https:\/\/primeshop.ee\/?post_type=product&#038;p=19443"},"modified":"2026-03-02T08:48:34","modified_gmt":"2026-03-02T08:48:34","slug":"body-lotion-amber-musk-sandalwood-fragrance","status":"publish","type":"product","link":"https:\/\/primeshop.ee\/et\/shop\/body-lotion-amber-musk-sandalwood-fragrance\/","title":{"rendered":"Body Lotion  Amber Musk Sandalwood Fragrance"},"content":{"rendered":"<p>KOOSTIS:<\/p>\n<p>AQUA (WATER), PRUNUS AMYGDALUS DULCIS (SWEET ALMOND) OIL, PROPYLENE GLYCOL, BUTYROSPERMUM PARKII (SHEA) BUTTER, PARFUM (FRAGRANCE), CETYL ALCOHOL, PEG-8 STEARATE, CETEARYL ALCOHOL, HYDROGENATED COCONUT OIL, POTASSIUM CETYL PHOSPHATE, BENZYL ALCOHOL, DIMETHICONE, PEG-20 STEARATE, PENTYLENE GLYCOL, CARBOMER, TOCOPHERYL ACETATE, CAPRYLYL GLYCOL, DECYLENE GLYCOL, BENZYL BENZOATE, ALLANTOIN, UREA, LIMONENE, SODIUM HYDROXIDE, ALPHA-ISOMETHYL IONONE, COUMARIN, LINALOOL, GERANIOL, BENZYL SALICYLATE, HEXYL CINNAMAL, BHT, CITRONELLOL, HYDROXYCITRONELLAL, BENZYL CINNAMATE, CITRAL<\/p>\n<p>Koostisosade loetelu v\u00f5ib varieeruda, soovitame teil alati kontrollida ostetud toote loendit.<\/p>\n<p>PEAMISED AKTIIVSED KOOSTISAINED:<\/p>\n<p>Magusmandli\u00f5li, sheav\u00f5i ja kookos\u00f5li<\/p>\n<p>JUHISED KASUTAMISEKS:<\/p>\n<p>Kandke v\u00e4ike kogus puhtale ja kuivale nahale. Laske ringjate liigutustega imbuda.<\/p>","protected":false},"excerpt":{"rendered":"<p>Sheav\u00f5i ja magusa mandli\u00f5liga valmistatud kehakreemil on kerge tekstuur, kuid see on piisavalt rikkalik, et pakkuda s\u00fcgavat niisutust*, j\u00e4ttes samal ajal nahale \u00f5rna l\u00f5hna. Selle ainulaadne sensoorne valem tekitab lohutava tunde, mis j\u00e4tab naha elastseks ja sametiselt pehmeks.<\/p>\n<p>*epidermise \u00fclemiste kihtide niisutamine<\/p>","protected":false},"featured_media":19448,"comment_status":"open","ping_status":"closed","template":"","meta":[],"product_brand":[350],"product_cat":[327,329],"product_tag":[],"class_list":{"0":"post-19443","1":"product","2":"type-product","3":"status-publish","4":"has-post-thumbnail","6":"product_brand-la-sultane-de-saba","7":"product_cat-body","8":"product_cat-body-lotion","10":"first","11":"instock","12":"taxable","13":"shipping-taxable","14":"purchasable","15":"product-type-simple"},"_links":{"self":[{"href":"https:\/\/primeshop.ee\/et\/wp-json\/wp\/v2\/product\/19443","targetHints":{"allow":["GET"]}}],"collection":[{"href":"https:\/\/primeshop.ee\/et\/wp-json\/wp\/v2\/product"}],"about":[{"href":"https:\/\/primeshop.ee\/et\/wp-json\/wp\/v2\/types\/product"}],"replies":[{"embeddable":true,"href":"https:\/\/primeshop.ee\/et\/wp-json\/wp\/v2\/comments?post=19443"}],"version-history":[{"count":1,"href":"https:\/\/primeshop.ee\/et\/wp-json\/wp\/v2\/product\/19443\/revisions"}],"predecessor-version":[{"id":19447,"href":"https:\/\/primeshop.ee\/et\/wp-json\/wp\/v2\/product\/19443\/revisions\/19447"}],"wp:featuredmedia":[{"embeddable":true,"href":"https:\/\/primeshop.ee\/et\/wp-json\/wp\/v2\/media\/19448"}],"wp:attachment":[{"href":"https:\/\/primeshop.ee\/et\/wp-json\/wp\/v2\/media?parent=19443"}],"wp:term":[{"taxonomy":"product_brand","embeddable":true,"href":"https:\/\/primeshop.ee\/et\/wp-json\/wp\/v2\/product_brand?post=19443"},{"taxonomy":"product_cat","embeddable":true,"href":"https:\/\/primeshop.ee\/et\/wp-json\/wp\/v2\/product_cat?post=19443"},{"taxonomy":"product_tag","embeddable":true,"href":"https:\/\/primeshop.ee\/et\/wp-json\/wp\/v2\/product_tag?post=19443"}],"curies":[{"name":"wp","href":"https:\/\/api.w.org\/{rel}","templated":true}]}}