{"id":19378,"date":"2025-08-05T15:22:53","date_gmt":"2025-08-05T15:22:53","guid":{"rendered":"https:\/\/primeshop.ee\/?post_type=product&#038;p=19378"},"modified":"2026-02-23T09:51:29","modified_gmt":"2026-02-23T09:51:29","slug":"majestic-balm-rose-fragrance","status":"publish","type":"product","link":"https:\/\/primeshop.ee\/et\/shop\/majestic-balm-rose-fragrance\/","title":{"rendered":"Majestic Balm  Rose Fragrance"},"content":{"rendered":"<p>KOOSTIS:<\/p>\n<p>BUTYROSPERMUM PARKII (SHEA) BUTTER, AQUA (WATER), PARFUM (FRAGRANCE), ARACHIDYL ALCOHOL, ARGANIA SPINOSA (ARGAN) KERNEL OIL, BEHENYL ALCOHOL, CETEARYL ALCOHOL, POTASSIUM CETYL PHOSPHATE, PRUNUS AMYGDALUS DULCIS (SWEET ALMOND) OIL, SODIUM STEAROYL GLUTAMATE, CETYL ALCOHOL, BENZYL ALCOHOL, ARACHIDYL GLUCOSIDE, COCOS NUCIFERA (COCONUT) OIL, CETEARYL GLUCOSIDE, CHLORPHENESIN, CITRIC ACID, CARBOMER, DEHYDROACETIC ACID, CITRONELLOL, GLYCINE SOJA (SOYBEAN) OIL, TOCOPHEROL, GERANIOL, ALLANTOIN, CITRAL<\/p>\n<p>Koostisosade loetelu v\u00f5ib varieeruda, soovitame teil alati kontrollida ostetud toote loendit.<\/p>\n<p>PEAMISED AKTIIVSED KOOSTISAINED:<\/p>\n<p>Orgaaniline sheav\u00f5i, orgaaniline argaania\u00f5li, orgaaniline magusmandli\u00f5li<\/p>\n<p>JUHISED KASUTAMISEKS:<\/p>\n<p>Apply your balm all over the body and the face, concentrating on dry areas such as elbows, knees and heels, and massage in with circular movements.<\/p>","protected":false},"excerpt":{"rendered":"<p>A concentrated blend of nourishing and revitalizing ingredients with shea butter and organic sweet almond oil, this majestic balm sublimates the skin with benefits for both face and body. Its rich and unctuous texture melts into the epidermis for a pure moment of well-being. Skin is nourished and moisturized*.<br \/>\n*epidermise \u00fclemiste kihtide niisutamine<\/p>","protected":false},"featured_media":19379,"comment_status":"open","ping_status":"closed","template":"","meta":[],"product_brand":[350],"product_cat":[327,340],"product_tag":[],"class_list":{"0":"post-19378","1":"product","2":"type-product","3":"status-publish","4":"has-post-thumbnail","6":"product_brand-la-sultane-de-saba","7":"product_cat-body","8":"product_cat-melting-balm","10":"first","11":"instock","12":"sale","13":"taxable","14":"shipping-taxable","15":"purchasable","16":"product-type-simple"},"_links":{"self":[{"href":"https:\/\/primeshop.ee\/et\/wp-json\/wp\/v2\/product\/19378","targetHints":{"allow":["GET"]}}],"collection":[{"href":"https:\/\/primeshop.ee\/et\/wp-json\/wp\/v2\/product"}],"about":[{"href":"https:\/\/primeshop.ee\/et\/wp-json\/wp\/v2\/types\/product"}],"replies":[{"embeddable":true,"href":"https:\/\/primeshop.ee\/et\/wp-json\/wp\/v2\/comments?post=19378"}],"version-history":[{"count":1,"href":"https:\/\/primeshop.ee\/et\/wp-json\/wp\/v2\/product\/19378\/revisions"}],"predecessor-version":[{"id":19381,"href":"https:\/\/primeshop.ee\/et\/wp-json\/wp\/v2\/product\/19378\/revisions\/19381"}],"wp:featuredmedia":[{"embeddable":true,"href":"https:\/\/primeshop.ee\/et\/wp-json\/wp\/v2\/media\/19379"}],"wp:attachment":[{"href":"https:\/\/primeshop.ee\/et\/wp-json\/wp\/v2\/media?parent=19378"}],"wp:term":[{"taxonomy":"product_brand","embeddable":true,"href":"https:\/\/primeshop.ee\/et\/wp-json\/wp\/v2\/product_brand?post=19378"},{"taxonomy":"product_cat","embeddable":true,"href":"https:\/\/primeshop.ee\/et\/wp-json\/wp\/v2\/product_cat?post=19378"},{"taxonomy":"product_tag","embeddable":true,"href":"https:\/\/primeshop.ee\/et\/wp-json\/wp\/v2\/product_tag?post=19378"}],"curies":[{"name":"wp","href":"https:\/\/api.w.org\/{rel}","templated":true}]}}