{"id":19313,"date":"2025-06-25T13:44:46","date_gmt":"2025-06-25T13:44:46","guid":{"rendered":"https:\/\/primeshop.ee\/?post_type=product&#038;p=19313"},"modified":"2026-03-02T09:16:14","modified_gmt":"2026-03-02T09:16:14","slug":"eye-patch-exception-rosee-x-30","status":"publish","type":"product","link":"https:\/\/primeshop.ee\/et\/shop\/eye-patch-exception-rosee-x-30\/","title":{"rendered":"Eye Patch Exception Ros\u00e9e x 30"},"content":{"rendered":"<p>Directions to use<br \/>\n                   sprayr\u00e9g\u00e9n\u00e9rant<br \/>\nEye Patch enriched with ceramides and Omega 3-6<br \/>\nRefreshes and invigorates.<\/p>\n<p>When dark circles need a reset, a refreshing boost: the Eye Patch Exception Ros\u00e9e comes to the rescue. Made in France, this product regenerates your dark circles and acts effectively against dull complexion. Just like our Exception Ros\u00e9e radiance mask, these facial eye patches contain ceramides and omega-3 and 6. This deeply regenerating combination boosts the capacity of cells to renew themselves. Freed from the cells that clutter it, the skin is awakened and radiant. Their anti-aging properties also help fight the appearance of fine lines. The look is smoother and firmer.<\/p>\n<p>How to apply the Exception Ros\u00e9e Eye Patches?<br \/>\nIn the morning, in the evening, throughout the day, use your Eye Patches whenever your dark circles need to be refreshed, to awaken their radiance.<\/p>\n<p>By applying it as soon as you feel like it, a true nomadic treatment, it follows you everywhere<br \/>\nRemove makeup and clean your face.<br \/>\nUse the tweezers provided, gently lift two Exception Ros\u00e9e Eye Patches from its pot, then place them under both eyes and finally leave to act.<br \/>\nClose your eyes. Enjoy the feeling of freshness provided by these regenerating Eye Patches.<br \/>\nDuration of application: 10 minutes is enough to see the effects of Exception Ros\u00e9e thanks to its particularly intense serum concentration.<br \/>\nRemove the Eye Patch gently, rub in the excess product using light massages with your fingertips.<br \/>\n                    Sprayvisage<\/p>","protected":false},"excerpt":{"rendered":"<p>When to use it?<br \/>\nWhen skin is at the end of its tether, when sleep isn&#8217;t leaving you rested, in the morning to wake yourself up, during the day to give yourself a fresh look, in the evening before going to bed, when fine lines appear, after a gruelling day.<\/p>\n<p>What are the benefits?<br \/>\nInvigorates the skin to leave it radiant, boosts regeneration, maintains hydration, tones and firms the skin, envelops it in a delicate scent thanks to the rose water.<\/p>\n<p>What you won&#8217;t see anymore:<br \/>\nDull complexion, lack of radiance, sad or tired skin, drawn-looking features, sleepy appearance.<\/p>","protected":false},"featured_media":19314,"comment_status":"open","ping_status":"closed","template":"","meta":[],"product_brand":[341],"product_cat":[217,301],"product_tag":[],"class_list":{"0":"post-19313","1":"product","2":"type-product","3":"status-publish","4":"has-post-thumbnail","6":"product_brand-rare-paris","7":"product_cat-face","8":"product_cat-face-care","10":"first","11":"instock","12":"taxable","13":"shipping-taxable","14":"purchasable","15":"product-type-simple"},"_links":{"self":[{"href":"https:\/\/primeshop.ee\/et\/wp-json\/wp\/v2\/product\/19313","targetHints":{"allow":["GET"]}}],"collection":[{"href":"https:\/\/primeshop.ee\/et\/wp-json\/wp\/v2\/product"}],"about":[{"href":"https:\/\/primeshop.ee\/et\/wp-json\/wp\/v2\/types\/product"}],"replies":[{"embeddable":true,"href":"https:\/\/primeshop.ee\/et\/wp-json\/wp\/v2\/comments?post=19313"}],"version-history":[{"count":2,"href":"https:\/\/primeshop.ee\/et\/wp-json\/wp\/v2\/product\/19313\/revisions"}],"predecessor-version":[{"id":19317,"href":"https:\/\/primeshop.ee\/et\/wp-json\/wp\/v2\/product\/19313\/revisions\/19317"}],"wp:featuredmedia":[{"embeddable":true,"href":"https:\/\/primeshop.ee\/et\/wp-json\/wp\/v2\/media\/19314"}],"wp:attachment":[{"href":"https:\/\/primeshop.ee\/et\/wp-json\/wp\/v2\/media?parent=19313"}],"wp:term":[{"taxonomy":"product_brand","embeddable":true,"href":"https:\/\/primeshop.ee\/et\/wp-json\/wp\/v2\/product_brand?post=19313"},{"taxonomy":"product_cat","embeddable":true,"href":"https:\/\/primeshop.ee\/et\/wp-json\/wp\/v2\/product_cat?post=19313"},{"taxonomy":"product_tag","embeddable":true,"href":"https:\/\/primeshop.ee\/et\/wp-json\/wp\/v2\/product_tag?post=19313"}],"curies":[{"name":"wp","href":"https:\/\/api.w.org\/{rel}","templated":true}]}}