{"id":19260,"date":"2025-06-18T05:54:49","date_gmt":"2025-06-18T05:54:49","guid":{"rendered":"https:\/\/primeshop.ee\/?post_type=product&#038;p=19260"},"modified":"2026-03-02T08:49:17","modified_gmt":"2026-03-02T08:49:17","slug":"moisturizing-hand-cream-jasmine-and-tropical-flowers-fragrance","status":"publish","type":"product","link":"https:\/\/primeshop.ee\/et\/shop\/moisturizing-hand-cream-jasmine-and-tropical-flowers-fragrance\/","title":{"rendered":"Moisturizing Hand Cream  Jasmine and Tropical Flowers Fragrance"},"content":{"rendered":"<p>KOOSTIS:<\/p>\n<p>AQUA (WATER), PRUNUS AMYGDALUS DULCIS (SWEET ALMOND) OIL, PROPYLENE GLYCOL, BUTYROSPERMUM PARKII (SHEA) BUTTER, PARFUM (FRAGRANCE), CETYL ALCOHOL, PEG-8 STEARATE, CETEARYL ALCOHOL, HYDROGENATED COCONUT OIL, POTASSIUM CETYL PHOSPHATE, BENZYL ALCOHOL, LINALOOL, DIMETHICONE, CARBOMER, PEG-20 STEARATE, PENTYLENE GLYCOL, CAPRYLYL GLYCOL, TOCOPHERYL ACETATE, DECYLENE GLYCOL, SODIUM HYDROXIDE, ALLANTOIN, UREA, HEXYL CINNAMAL, BHT, BENZYL BENZOATE, ISOEUGENOL, GERANIOL<\/p>\n<p>Koostisosade loetelu v\u00f5ib varieeruda, soovitame teil alati kontrollida ostetud toote loendit.<\/p>\n<p>PEAMISED AKTIIVSED KOOSTISAINED:<\/p>\n<p>Magusa mandli\u00f5li, sheav\u00f5i, kookos\u00f5li<\/p>\n<p>JUHISED KASUTAMISEKS:<\/p>\n<p>Kandke tilk toodet puhastele ja kuivadele k\u00e4tele igal kellaajal.<\/p>","protected":false},"excerpt":{"rendered":"<p>T\u00e4nu oma rikkalikule ja kreemjale tekstuurile, mis p\u00f5hineb toitval sheav\u00f5il ja magusmandli\u00f5lil, pakub see silmatorkav k\u00e4tekreem ainulaadset sensoorset koostist ning heaolu- ja mugavustunnet. Nahk saavutab sametise pehmuse. \u00d5rn k\u00f5ikidele nahat\u00fc\u00fcpidele.<\/p>\n<p>*epidermise \u00fclemiste kihtide niisutamine<\/p>","protected":false},"featured_media":19261,"comment_status":"open","ping_status":"closed","template":"","meta":[],"product_brand":[350],"product_cat":[327,332],"product_tag":[],"class_list":{"0":"post-19260","1":"product","2":"type-product","3":"status-publish","4":"has-post-thumbnail","6":"product_brand-la-sultane-de-saba","7":"product_cat-body","8":"product_cat-hand-cream","10":"first","11":"instock","12":"taxable","13":"shipping-taxable","14":"purchasable","15":"product-type-simple"},"_links":{"self":[{"href":"https:\/\/primeshop.ee\/et\/wp-json\/wp\/v2\/product\/19260","targetHints":{"allow":["GET"]}}],"collection":[{"href":"https:\/\/primeshop.ee\/et\/wp-json\/wp\/v2\/product"}],"about":[{"href":"https:\/\/primeshop.ee\/et\/wp-json\/wp\/v2\/types\/product"}],"replies":[{"embeddable":true,"href":"https:\/\/primeshop.ee\/et\/wp-json\/wp\/v2\/comments?post=19260"}],"version-history":[{"count":1,"href":"https:\/\/primeshop.ee\/et\/wp-json\/wp\/v2\/product\/19260\/revisions"}],"predecessor-version":[{"id":19263,"href":"https:\/\/primeshop.ee\/et\/wp-json\/wp\/v2\/product\/19260\/revisions\/19263"}],"wp:featuredmedia":[{"embeddable":true,"href":"https:\/\/primeshop.ee\/et\/wp-json\/wp\/v2\/media\/19261"}],"wp:attachment":[{"href":"https:\/\/primeshop.ee\/et\/wp-json\/wp\/v2\/media?parent=19260"}],"wp:term":[{"taxonomy":"product_brand","embeddable":true,"href":"https:\/\/primeshop.ee\/et\/wp-json\/wp\/v2\/product_brand?post=19260"},{"taxonomy":"product_cat","embeddable":true,"href":"https:\/\/primeshop.ee\/et\/wp-json\/wp\/v2\/product_cat?post=19260"},{"taxonomy":"product_tag","embeddable":true,"href":"https:\/\/primeshop.ee\/et\/wp-json\/wp\/v2\/product_tag?post=19260"}],"curies":[{"name":"wp","href":"https:\/\/api.w.org\/{rel}","templated":true}]}}