{"id":19242,"date":"2025-06-17T13:54:45","date_gmt":"2025-06-17T13:54:45","guid":{"rendered":"https:\/\/primeshop.ee\/?post_type=product&#038;p=19242"},"modified":"2026-03-02T08:49:53","modified_gmt":"2026-03-02T08:49:53","slug":"bamboo-tears-body-scrub-aloe-vera-and-tiare-flower-fragrance","status":"publish","type":"product","link":"https:\/\/primeshop.ee\/et\/shop\/bamboo-tears-body-scrub-aloe-vera-and-tiare-flower-fragrance\/","title":{"rendered":"Bamboo Tears Body Scrub  Aloe Vera and Tiare Flower Fragrance"},"content":{"rendered":"<p>KOOSTIS:<\/p>\n<p>AQUA (WATER), GLYCERIN, PROPYLENE GLYCOL, BAMBUSA ARUNDINACEA STEM POWDER, PPG-1-PEG-9 LAURYL GLYCOL ETHER, PARFUM (FRAGRANCE), XANTHAN GUM, PEG-40 HYDROGENATED CASTOR OIL, CARBOMER, ETHYLHEXYLGLYCERIN, ALLANTOIN, LINALOOL, 2-BROMO-2-NITROPROPANE-1,3-DIOL, TRIETHYLENE GLYCOL, CARAMEL, BENZYL ALCOHOL, CITRONELLOL, GERANIOL, ALOE BARBADENSIS LEAF EXTRACT, MAGNESIUM CHLORIDE, MAGNESIUM NITRATE, METHYLCHLOROISOTHIAZOLINONE, METHYLISOTHIAZOLINONE, TOCOPHEROL, CITRIC ACID, POTASSIUM SORBATE, SODIUM BENZOATE<\/p>\n<p>Koostisosade loetelu v\u00f5ib varieeruda, soovitame teil alati kontrollida ostetud toote loendit.<\/p>\n<p>PEAMISED AKTIIVNE KOOSTISAINE:<\/p>\n<p>Bamboo stem extract<\/p>\n<p>JUHISED KASUTAMISEKS:<\/p>\n<p>Kandke oma kehakoorija \u00fcks v\u00f5i kaks korda n\u00e4dalas m\u00e4rjale nahale \u00f5rnade ringjate massaa\u017eidega. Keskenduge karedatele kohtadele, nagu p\u00f5lved, k\u00fc\u00fcnarnukid ja kontsad, seej\u00e4rel loputage sooja veega.<\/p>","protected":false},"excerpt":{"rendered":"<p>Made with bamboo extracts, this exfoliating scrub softens the skin and leaves a shiny aspect.<\/p>","protected":false},"featured_media":19244,"comment_status":"open","ping_status":"closed","template":"","meta":[],"product_brand":[350],"product_cat":[327,331],"product_tag":[],"class_list":{"0":"post-19242","1":"product","2":"type-product","3":"status-publish","4":"has-post-thumbnail","6":"product_brand-la-sultane-de-saba","7":"product_cat-body","8":"product_cat-scrub","10":"first","11":"instock","12":"taxable","13":"shipping-taxable","14":"purchasable","15":"product-type-simple"},"_links":{"self":[{"href":"https:\/\/primeshop.ee\/et\/wp-json\/wp\/v2\/product\/19242","targetHints":{"allow":["GET"]}}],"collection":[{"href":"https:\/\/primeshop.ee\/et\/wp-json\/wp\/v2\/product"}],"about":[{"href":"https:\/\/primeshop.ee\/et\/wp-json\/wp\/v2\/types\/product"}],"replies":[{"embeddable":true,"href":"https:\/\/primeshop.ee\/et\/wp-json\/wp\/v2\/comments?post=19242"}],"version-history":[{"count":3,"href":"https:\/\/primeshop.ee\/et\/wp-json\/wp\/v2\/product\/19242\/revisions"}],"predecessor-version":[{"id":19905,"href":"https:\/\/primeshop.ee\/et\/wp-json\/wp\/v2\/product\/19242\/revisions\/19905"}],"wp:featuredmedia":[{"embeddable":true,"href":"https:\/\/primeshop.ee\/et\/wp-json\/wp\/v2\/media\/19244"}],"wp:attachment":[{"href":"https:\/\/primeshop.ee\/et\/wp-json\/wp\/v2\/media?parent=19242"}],"wp:term":[{"taxonomy":"product_brand","embeddable":true,"href":"https:\/\/primeshop.ee\/et\/wp-json\/wp\/v2\/product_brand?post=19242"},{"taxonomy":"product_cat","embeddable":true,"href":"https:\/\/primeshop.ee\/et\/wp-json\/wp\/v2\/product_cat?post=19242"},{"taxonomy":"product_tag","embeddable":true,"href":"https:\/\/primeshop.ee\/et\/wp-json\/wp\/v2\/product_tag?post=19242"}],"curies":[{"name":"wp","href":"https:\/\/api.w.org\/{rel}","templated":true}]}}