{"id":19237,"date":"2025-06-17T13:38:55","date_gmt":"2025-06-17T13:38:55","guid":{"rendered":"https:\/\/primeshop.ee\/?post_type=product&#038;p=19237"},"modified":"2026-03-21T20:01:02","modified_gmt":"2026-03-21T20:01:02","slug":"exfoliating-salts-oriental-ayurvedic-amber-vanilla-patchouli-fragrance","status":"publish","type":"product","link":"https:\/\/primeshop.ee\/et\/shop\/exfoliating-salts-oriental-ayurvedic-amber-vanilla-patchouli-fragrance\/","title":{"rendered":"Exfoliating Salts  Oriental Ayurvedic Amber Vanilla Patchouli Fragrance"},"content":{"rendered":"<p>KOOSTIS:<\/p>\n<p>MARIS SAL (SEA SALT), HELIANTHUS ANNUUS (SUNFLOWER) SEED OIL, PARFUM (FRAGRANCE), COUMARIN, DAUCUS CAROTA SATIVA (CARROT) ROOT EXTRACT, OPUNTIA FICUS-INDICA FLOWER EXTRACT, LINALOOL<\/p>\n<p>Koostisosade loetelu v\u00f5ib varieeruda, soovitame teil alati kontrollida ostetud toote loendit.<\/p>\n<p>PEAMISED AKTIIVSED KOOSTISAINED:<\/p>\n<p>Sea salt, sunflower oil, carrot extract, prickly pear extract<\/p>\n<p>JUHISED KASUTAMISEKS:<\/p>\n<p>Kandke oma kehakoorija \u00fcks v\u00f5i kaks korda n\u00e4dalas m\u00e4rjale nahale \u00f5rnade ringjate massaa\u017eidega. Keskenduge karedatele kohtadele, nagu p\u00f5lved, k\u00fc\u00fcnarnukid ja kontsad, seej\u00e4rel loputage sooja veega.<\/p>","protected":false},"excerpt":{"rendered":"<p>Made of sea salts and beauty oil delicately scented, this scrub removes impurities and reveals complexion.<\/p>","protected":false},"featured_media":19253,"comment_status":"open","ping_status":"closed","template":"","meta":[],"product_brand":[350],"product_cat":[327,331],"product_tag":[],"class_list":{"0":"post-19237","1":"product","2":"type-product","3":"status-publish","4":"has-post-thumbnail","6":"product_brand-la-sultane-de-saba","7":"product_cat-body","8":"product_cat-scrub","10":"first","11":"instock","12":"taxable","13":"shipping-taxable","14":"purchasable","15":"product-type-simple"},"_links":{"self":[{"href":"https:\/\/primeshop.ee\/et\/wp-json\/wp\/v2\/product\/19237","targetHints":{"allow":["GET"]}}],"collection":[{"href":"https:\/\/primeshop.ee\/et\/wp-json\/wp\/v2\/product"}],"about":[{"href":"https:\/\/primeshop.ee\/et\/wp-json\/wp\/v2\/types\/product"}],"replies":[{"embeddable":true,"href":"https:\/\/primeshop.ee\/et\/wp-json\/wp\/v2\/comments?post=19237"}],"version-history":[{"count":1,"href":"https:\/\/primeshop.ee\/et\/wp-json\/wp\/v2\/product\/19237\/revisions"}],"predecessor-version":[{"id":19241,"href":"https:\/\/primeshop.ee\/et\/wp-json\/wp\/v2\/product\/19237\/revisions\/19241"}],"wp:featuredmedia":[{"embeddable":true,"href":"https:\/\/primeshop.ee\/et\/wp-json\/wp\/v2\/media\/19253"}],"wp:attachment":[{"href":"https:\/\/primeshop.ee\/et\/wp-json\/wp\/v2\/media?parent=19237"}],"wp:term":[{"taxonomy":"product_brand","embeddable":true,"href":"https:\/\/primeshop.ee\/et\/wp-json\/wp\/v2\/product_brand?post=19237"},{"taxonomy":"product_cat","embeddable":true,"href":"https:\/\/primeshop.ee\/et\/wp-json\/wp\/v2\/product_cat?post=19237"},{"taxonomy":"product_tag","embeddable":true,"href":"https:\/\/primeshop.ee\/et\/wp-json\/wp\/v2\/product_tag?post=19237"}],"curies":[{"name":"wp","href":"https:\/\/api.w.org\/{rel}","templated":true}]}}