{"id":19205,"date":"2025-06-03T12:22:46","date_gmt":"2025-06-03T12:22:46","guid":{"rendered":"https:\/\/primeshop.ee\/?post_type=product&#038;p=19205"},"modified":"2026-03-02T08:50:42","modified_gmt":"2026-03-02T08:50:42","slug":"shea-butter-turkish-delight-fragrance","status":"publish","type":"product","link":"https:\/\/primeshop.ee\/et\/shop\/shea-butter-turkish-delight-fragrance\/","title":{"rendered":"Shea Butter  Turkish Delight Fragrance"},"content":{"rendered":"<p>KOOSTIS:<\/p>\n<p>BUTYROSPERMUM PARKII (SHEA) BUTTER, PARFUM (FRAGRANCE), ALPHA-ISOMETHYL IONONE, COUMARIN, LINALOOL, LIMONENE, GERANIOL, BENZYL ALCOHOL, BENZYL SALICYLATE, CITRONELLOL, BENZYL BENZOATE, CITRAL, HYDROXYCITRONELLAL, BENZYL CINNAMATE<\/p>\n<p>Koostisosade loetelu v\u00f5ib varieeruda, soovitame teil alati kontrollida ostetud toote loendit.<\/p>\n<p>PEAMISED AKTIIVNE KOOSTISAINE:<\/p>\n<p>Orgaaniline sheav\u00f5i<\/p>\n<p>JUHISED KASUTAMISEKS:<\/p>\n<p>Enne nahale kandmist ringjate liigutustega sulatage peopesas v\u00f5inupp. Keskenduge kuivadele kohtadele, nagu k\u00fc\u00fcnarnukid, p\u00f5lved ja kontsad. Selle toote teraline tekstuur tuleneb temperatuurimuutustest.<\/p>","protected":false},"excerpt":{"rendered":"<p>100% loodusliku ja orgaanilise sheav\u00f5i baasil valmistatud toode toidab intensiivselt ka k\u00f5ige kuivemat nahka, pakkudes puhtalt taastavat hooldust. See \u00f5rn looduslik toode niisutab intensiivselt* nahka p\u00f5neva l\u00f5hnaga. Peale kantud v\u00f5i toidab juuksekiudu, elustab ja annab juustele s\u00e4ra.<br \/>\n*epidermise \u00fclemiste kihtide niisutamine<\/p>","protected":false},"featured_media":19206,"comment_status":"open","ping_status":"closed","template":"","meta":[],"product_brand":[350],"product_cat":[327,330],"product_tag":[],"class_list":{"0":"post-19205","1":"product","2":"type-product","3":"status-publish","4":"has-post-thumbnail","6":"product_brand-la-sultane-de-saba","7":"product_cat-body","8":"product_cat-shea-butters","10":"first","11":"instock","12":"taxable","13":"shipping-taxable","14":"purchasable","15":"product-type-simple"},"_links":{"self":[{"href":"https:\/\/primeshop.ee\/et\/wp-json\/wp\/v2\/product\/19205","targetHints":{"allow":["GET"]}}],"collection":[{"href":"https:\/\/primeshop.ee\/et\/wp-json\/wp\/v2\/product"}],"about":[{"href":"https:\/\/primeshop.ee\/et\/wp-json\/wp\/v2\/types\/product"}],"replies":[{"embeddable":true,"href":"https:\/\/primeshop.ee\/et\/wp-json\/wp\/v2\/comments?post=19205"}],"version-history":[{"count":1,"href":"https:\/\/primeshop.ee\/et\/wp-json\/wp\/v2\/product\/19205\/revisions"}],"predecessor-version":[{"id":19207,"href":"https:\/\/primeshop.ee\/et\/wp-json\/wp\/v2\/product\/19205\/revisions\/19207"}],"wp:featuredmedia":[{"embeddable":true,"href":"https:\/\/primeshop.ee\/et\/wp-json\/wp\/v2\/media\/19206"}],"wp:attachment":[{"href":"https:\/\/primeshop.ee\/et\/wp-json\/wp\/v2\/media?parent=19205"}],"wp:term":[{"taxonomy":"product_brand","embeddable":true,"href":"https:\/\/primeshop.ee\/et\/wp-json\/wp\/v2\/product_brand?post=19205"},{"taxonomy":"product_cat","embeddable":true,"href":"https:\/\/primeshop.ee\/et\/wp-json\/wp\/v2\/product_cat?post=19205"},{"taxonomy":"product_tag","embeddable":true,"href":"https:\/\/primeshop.ee\/et\/wp-json\/wp\/v2\/product_tag?post=19205"}],"curies":[{"name":"wp","href":"https:\/\/api.w.org\/{rel}","templated":true}]}}