{"id":19180,"date":"2025-06-03T10:39:07","date_gmt":"2025-06-03T10:39:07","guid":{"rendered":"https:\/\/primeshop.ee\/?post_type=product&#038;p=19180"},"modified":"2026-03-02T08:51:13","modified_gmt":"2026-03-02T08:51:13","slug":"anti-perspirant-deodorant-musk-incense-vanilla-fragrance","status":"publish","type":"product","link":"https:\/\/primeshop.ee\/et\/shop\/anti-perspirant-deodorant-musk-incense-vanilla-fragrance\/","title":{"rendered":"Anti-Perspirant Deodorant  Musk Incense Vanilla Fragrance"},"content":{"rendered":"<p>KOOSTIS:<\/p>\n<p>AQUA (WATER), PROPYLENE GLYCOL, POTASSIUM ALUM, HYDROXYETHYL ACRYLATE\/SODIUM ACRYLOYLDIMETHYL TAURATE COPOLYMER, POLYISOBUTENE, PEG-40 HYDROGENATED CASTOR OIL, PARFUM (FRAGRANCE), PHENOXYETHANOL, ETHYLHEXYLGLYCERIN, PEG-7 TRIMETHYLOLPROPANE COCONUT ETHER, SORBITAN ISOSTEARATE, BENZYL SALICYLATE, COUMARIN, LIMONENE, TOCOPHEROL<\/p>\n<p>Koostisosade loetelu v\u00f5ib varieeruda, soovitame teil alati kontrollida ostetud toote loendit.<\/p>\n<p>PEAMISED AKTIIVNE KOOSTISAINE:<\/p>\n<p>Alumiiniumi sool<\/p>\n<p>JUHISED KASUTAMISEKS:<\/p>\n<p>Kandke toodet iga p\u00e4ev puhastele ja kuivadele kaenlaalustele.<\/p>","protected":false},"excerpt":{"rendered":"<p>See \u00f5rn deodorant hoiab teid kuivana, pakkudes kauakestvat kaitset j\u00e4lgi j\u00e4tmata. Parf\u00fc\u00fcmi pikendamine, see sobib ideaalselt tundlikule v\u00f5i depileeritud nahale.<\/p>","protected":false},"featured_media":19210,"comment_status":"open","ping_status":"closed","template":"","meta":[],"product_brand":[350],"product_cat":[336,327],"product_tag":[],"class_list":{"0":"post-19180","1":"product","2":"type-product","3":"status-publish","4":"has-post-thumbnail","6":"product_brand-la-sultane-de-saba","7":"product_cat-deodorant","8":"product_cat-body","10":"first","11":"instock","12":"taxable","13":"shipping-taxable","14":"purchasable","15":"product-type-simple"},"_links":{"self":[{"href":"https:\/\/primeshop.ee\/et\/wp-json\/wp\/v2\/product\/19180","targetHints":{"allow":["GET"]}}],"collection":[{"href":"https:\/\/primeshop.ee\/et\/wp-json\/wp\/v2\/product"}],"about":[{"href":"https:\/\/primeshop.ee\/et\/wp-json\/wp\/v2\/types\/product"}],"replies":[{"embeddable":true,"href":"https:\/\/primeshop.ee\/et\/wp-json\/wp\/v2\/comments?post=19180"}],"version-history":[{"count":1,"href":"https:\/\/primeshop.ee\/et\/wp-json\/wp\/v2\/product\/19180\/revisions"}],"predecessor-version":[{"id":19183,"href":"https:\/\/primeshop.ee\/et\/wp-json\/wp\/v2\/product\/19180\/revisions\/19183"}],"wp:featuredmedia":[{"embeddable":true,"href":"https:\/\/primeshop.ee\/et\/wp-json\/wp\/v2\/media\/19210"}],"wp:attachment":[{"href":"https:\/\/primeshop.ee\/et\/wp-json\/wp\/v2\/media?parent=19180"}],"wp:term":[{"taxonomy":"product_brand","embeddable":true,"href":"https:\/\/primeshop.ee\/et\/wp-json\/wp\/v2\/product_brand?post=19180"},{"taxonomy":"product_cat","embeddable":true,"href":"https:\/\/primeshop.ee\/et\/wp-json\/wp\/v2\/product_cat?post=19180"},{"taxonomy":"product_tag","embeddable":true,"href":"https:\/\/primeshop.ee\/et\/wp-json\/wp\/v2\/product_tag?post=19180"}],"curies":[{"name":"wp","href":"https:\/\/api.w.org\/{rel}","templated":true}]}}