{"id":19125,"date":"2025-04-01T13:09:03","date_gmt":"2025-04-01T13:09:03","guid":{"rendered":"https:\/\/primeshop.ee\/?post_type=product&#038;p=19125"},"modified":"2026-03-02T08:52:07","modified_gmt":"2026-03-02T08:52:07","slug":"beauty-oil-amber-musk-sandalwood-fragrance","status":"publish","type":"product","link":"https:\/\/primeshop.ee\/et\/shop\/beauty-oil-amber-musk-sandalwood-fragrance\/","title":{"rendered":"Beauty Oil Amber Musk Sandalwood Fragrance"},"content":{"rendered":"<p>KOOSTIS:<\/p>\n<p>HELIANTHUS ANNUUS (SUNFLOWER) SEED OIL, PARFUM (FRAGRANCE), BENZYL BENZOATE, DAUCUS CAROTA SATIVA (CARROT) ROOT EXTRACT, OPUNTIA FICUS-INDICA FLOWER EXTRACT, LIMONENE, ALPHA-ISOMETHYL IONONE, COUMARIN, LINALOOL, GERANIOL, BENZYL SALICYLATE, HEXYL CINNAMAL, CITRONELLOL, HYDROXYCITRONELLAL, BENZYL CINNAMATE, CITRAL<\/p>\n<p>Koostisosade loetelu v\u00f5ib varieeruda, soovitame teil alati kontrollida ostetud toote loendit.<\/p>\n<p>JUHISED KASUTAMISEKS:<\/p>\n<p>Iga p\u00e4ev kandke \u00f5li kergete massaa\u017eidega nahale ja\/v\u00f5i juustele, et seda valgustada.<\/p>","protected":false},"excerpt":{"rendered":"<p>Sensuaalsuse aare, see v\u00e4\u00e4rtuslik \u00f5li \u00fchendab nii suvel kui talvel oma toitva efektiivsuse satiinse j\u00f5uga, mis niisutab* ja sublimeerib samal ajal. Valgustatuna on nii keha kui ka juuksed m\u00e4hitud peenesse l\u00f5hna ning taastavad oma elastsuse ja s\u00e4ra.<\/p>\n<p>*epidermise \u00fclemiste kihtide niisutamine<\/p>","protected":false},"featured_media":19131,"comment_status":"open","ping_status":"closed","template":"","meta":[],"product_brand":[350],"product_cat":[327,328],"product_tag":[],"class_list":{"0":"post-19125","1":"product","2":"type-product","3":"status-publish","4":"has-post-thumbnail","6":"product_brand-la-sultane-de-saba","7":"product_cat-body","8":"product_cat-beauty-oil","10":"first","11":"instock","12":"taxable","13":"shipping-taxable","14":"purchasable","15":"product-type-simple"},"_links":{"self":[{"href":"https:\/\/primeshop.ee\/et\/wp-json\/wp\/v2\/product\/19125","targetHints":{"allow":["GET"]}}],"collection":[{"href":"https:\/\/primeshop.ee\/et\/wp-json\/wp\/v2\/product"}],"about":[{"href":"https:\/\/primeshop.ee\/et\/wp-json\/wp\/v2\/types\/product"}],"replies":[{"embeddable":true,"href":"https:\/\/primeshop.ee\/et\/wp-json\/wp\/v2\/comments?post=19125"}],"version-history":[{"count":1,"href":"https:\/\/primeshop.ee\/et\/wp-json\/wp\/v2\/product\/19125\/revisions"}],"predecessor-version":[{"id":19130,"href":"https:\/\/primeshop.ee\/et\/wp-json\/wp\/v2\/product\/19125\/revisions\/19130"}],"wp:featuredmedia":[{"embeddable":true,"href":"https:\/\/primeshop.ee\/et\/wp-json\/wp\/v2\/media\/19131"}],"wp:attachment":[{"href":"https:\/\/primeshop.ee\/et\/wp-json\/wp\/v2\/media?parent=19125"}],"wp:term":[{"taxonomy":"product_brand","embeddable":true,"href":"https:\/\/primeshop.ee\/et\/wp-json\/wp\/v2\/product_brand?post=19125"},{"taxonomy":"product_cat","embeddable":true,"href":"https:\/\/primeshop.ee\/et\/wp-json\/wp\/v2\/product_cat?post=19125"},{"taxonomy":"product_tag","embeddable":true,"href":"https:\/\/primeshop.ee\/et\/wp-json\/wp\/v2\/product_tag?post=19125"}],"curies":[{"name":"wp","href":"https:\/\/api.w.org\/{rel}","templated":true}]}}