{"id":19100,"date":"2025-03-21T12:17:49","date_gmt":"2025-03-21T12:17:49","guid":{"rendered":"https:\/\/primeshop.ee\/?post_type=product&#038;p=19100"},"modified":"2026-02-12T13:19:58","modified_gmt":"2026-02-12T13:19:58","slug":"melting-balm-oriental-ayurvedic-amber-vanilla-patchouli-fragrance","status":"publish","type":"product","link":"https:\/\/primeshop.ee\/et\/shop\/melting-balm-oriental-ayurvedic-amber-vanilla-patchouli-fragrance\/","title":{"rendered":"Melting Balm  Oriental Ayurvedic Amber Vanilla Patchouli Fragrance"},"content":{"rendered":"<p><strong>KOOSTIS:<\/strong><\/p>\n<p>BUTYROSPERMUM PARKII (SHEA) BUTTER, AQUA (WATER), ARACHIDYL ALCOHOL, PARFUM (FRAGRANCE), ARGANIA SPINOSA (ARGAN) KERNEL OIL, BEHENYL ALCOHOL, CETEARYL ALCOHOL, POTASSIUM CETYL PHOSPHATE, PRUNUS AMYGDALUS DULCIS (SWEET ALMOND) OIL, SODIUM STEAROYL GLUTAMATE, CETYL ALCOHOL, BENZYL ALCOHOL, ARACHIDYL GLUCOSIDE, COCOS NUCIFERA (COCONUT) OIL , CETEARYL GLUCOSIDE, CHLORPHENESIN, CITRIC ACID, CARBOMER, COUMARIN, DEHYDROACETIC ACID, GLYCINE SOJA (SOYBEAN) OIL, TOCOPHEROL, LINALOOL, ALLANTOIN, LIMONENE, BENZYL BENZOATE, BENZYL CINNAMATE<\/p>\n<p>&nbsp;<\/p>\n<p class=\"prod-ss-title color3\">Koostisosade loetelu v\u00f5ib varieeruda, soovitame teil alati kontrollida ostetud toote loendit.<\/p>\n<p class=\"prod-ss-title color3\"><strong>PEAMISED AKTIIVSED KOOSTISAINED:<\/strong><\/p>\n<p class=\"prod-ss-title color3\">Orgaaniline sheav\u00f5i, orgaaniline argaania\u00f5li, orgaaniline magusmandli\u00f5li<\/p>\n<p class=\"prod-ss-title color3\"><strong>JUHISED KASUTAMISEKS:<\/strong><\/p>\n<p class=\"prod-ss-title color3\">Kandke palsam \u00fcle kogu keha, keskendudes kuivadele piirkondadele, nagu k\u00fc\u00fcnarnukid, p\u00f5lved ja kontsad, ning masseerige ringjate liigutustega.<\/p>\n<p>&nbsp;<\/p>\n<p><strong>How to use our melting balm ?<\/strong><\/p>\n<p><iframe loading=\"lazy\" title=\"YouTube video player\" src=\"https:\/\/www.youtube.com\/embed\/loRclROdSwM?modestbranding=1\" width=\"320\" height=\"180\" frameborder=\"0\" allowfullscreen=\"allowfullscreen\" data-mce-fragment=\"1\"><\/iframe><\/p>","protected":false},"excerpt":{"rendered":"<p>A concentration of nourishing and revitalising ingredients for the skin with an opulent aroma from the East. Especially effective for the driest of skin, this truly rich and melting balm, brings pure regenerative care, illuminating the skin and bringing a moment of pure wellbeing. Enriched with organic shea butter, organic sweet almond oil and argan oil, it is easily applied and leaves the skin supple, nourished and delicately scented.<\/p>","protected":false},"featured_media":19911,"comment_status":"open","ping_status":"closed","template":"","meta":[],"product_brand":[350],"product_cat":[327,340],"product_tag":[],"class_list":{"0":"post-19100","1":"product","2":"type-product","3":"status-publish","4":"has-post-thumbnail","6":"product_brand-la-sultane-de-saba","7":"product_cat-body","8":"product_cat-melting-balm","10":"first","11":"instock","12":"taxable","13":"shipping-taxable","14":"purchasable","15":"product-type-simple"},"_links":{"self":[{"href":"https:\/\/primeshop.ee\/et\/wp-json\/wp\/v2\/product\/19100","targetHints":{"allow":["GET"]}}],"collection":[{"href":"https:\/\/primeshop.ee\/et\/wp-json\/wp\/v2\/product"}],"about":[{"href":"https:\/\/primeshop.ee\/et\/wp-json\/wp\/v2\/types\/product"}],"replies":[{"embeddable":true,"href":"https:\/\/primeshop.ee\/et\/wp-json\/wp\/v2\/comments?post=19100"}],"version-history":[{"count":2,"href":"https:\/\/primeshop.ee\/et\/wp-json\/wp\/v2\/product\/19100\/revisions"}],"predecessor-version":[{"id":19106,"href":"https:\/\/primeshop.ee\/et\/wp-json\/wp\/v2\/product\/19100\/revisions\/19106"}],"wp:featuredmedia":[{"embeddable":true,"href":"https:\/\/primeshop.ee\/et\/wp-json\/wp\/v2\/media\/19911"}],"wp:attachment":[{"href":"https:\/\/primeshop.ee\/et\/wp-json\/wp\/v2\/media?parent=19100"}],"wp:term":[{"taxonomy":"product_brand","embeddable":true,"href":"https:\/\/primeshop.ee\/et\/wp-json\/wp\/v2\/product_brand?post=19100"},{"taxonomy":"product_cat","embeddable":true,"href":"https:\/\/primeshop.ee\/et\/wp-json\/wp\/v2\/product_cat?post=19100"},{"taxonomy":"product_tag","embeddable":true,"href":"https:\/\/primeshop.ee\/et\/wp-json\/wp\/v2\/product_tag?post=19100"}],"curies":[{"name":"wp","href":"https:\/\/api.w.org\/{rel}","templated":true}]}}