{"id":19084,"date":"2025-03-12T13:40:55","date_gmt":"2025-03-12T13:40:55","guid":{"rendered":"https:\/\/primeshop.ee\/?post_type=product&#038;p=19084"},"modified":"2026-03-02T08:52:15","modified_gmt":"2026-03-02T08:52:15","slug":"exfoliating-body-polish-jasmine-and-tropical-flowers-fragrance","status":"publish","type":"product","link":"https:\/\/primeshop.ee\/et\/shop\/exfoliating-body-polish-jasmine-and-tropical-flowers-fragrance\/","title":{"rendered":"Exfoliating Body Polish Jasmine and Tropical Flowers Fragrance"},"content":{"rendered":"<p><strong>KOOSTIS:<\/strong><\/p>\n<p>HELIANTHUS ANNUUS (SUNFLOWER) SEED OIL, HYDRATED SILICA, HYDROGENATED COCONUT OIL, SUCROSE, SACCHARUM OFFICINARUM (SUGAR CANE) EXTRACT, PARFUM (FRAGRANCE), LAURETH-4, MIPA-LAURETH SULFATE, GLYCERYL DIBEHENATE, LINALOOL, TRIBEHENIN, COCAMIDE DEA, COCOS NUCIFERA (COCONUT) SHELL POWDER, GLYCERYL BEHENATE, TOCOPHEROL, HEXYL CINNAMAL, CI 77288 (CHROMIUM OXIDE GREENS), CITRIC ACID<\/p>\n<p>&nbsp;<\/p>\n<p class=\"prod-ss-title color3\">Koostisosade loetelu v\u00f5ib varieeruda, soovitame teil alati kontrollida ostetud toote loendit.<\/p>\n<p class=\"prod-ss-title color3\"><strong>PEAMISED AKTIIVSED KOOSTISAINED:<\/strong><\/p>\n<p class=\"prod-ss-title color3\">Silicic acid, sugar cane extract, coconut shell powder<\/p>\n<p class=\"prod-ss-title color3\"><strong>JUHISED KASUTAMISEKS:<\/strong><\/p>\n<p class=\"prod-ss-title color3\">Kandke oma kehakoorija \u00fcks v\u00f5i kaks korda n\u00e4dalas m\u00e4rjale nahale \u00f5rnade ringjate massaa\u017eidega. Keskenduge karedatele kohtadele, nagu p\u00f5lved, k\u00fc\u00fcnarnukid ja kontsad, seej\u00e4rel loputage sooja veega.<\/p>","protected":false},"excerpt":{"rendered":"<p>Made with coconut shell and organic sugar cane, this soothing scrub removes dead skin cells and impurities. An age-old Malaysian beauty ritual; the wax helps the skin regain its softness and glow.<\/p>","protected":false},"featured_media":19085,"comment_status":"open","ping_status":"closed","template":"","meta":[],"product_brand":[350],"product_cat":[327,331],"product_tag":[],"class_list":{"0":"post-19084","1":"product","2":"type-product","3":"status-publish","4":"has-post-thumbnail","6":"product_brand-la-sultane-de-saba","7":"product_cat-body","8":"product_cat-scrub","10":"first","11":"instock","12":"taxable","13":"shipping-taxable","14":"purchasable","15":"product-type-simple"},"_links":{"self":[{"href":"https:\/\/primeshop.ee\/et\/wp-json\/wp\/v2\/product\/19084","targetHints":{"allow":["GET"]}}],"collection":[{"href":"https:\/\/primeshop.ee\/et\/wp-json\/wp\/v2\/product"}],"about":[{"href":"https:\/\/primeshop.ee\/et\/wp-json\/wp\/v2\/types\/product"}],"replies":[{"embeddable":true,"href":"https:\/\/primeshop.ee\/et\/wp-json\/wp\/v2\/comments?post=19084"}],"version-history":[{"count":3,"href":"https:\/\/primeshop.ee\/et\/wp-json\/wp\/v2\/product\/19084\/revisions"}],"predecessor-version":[{"id":19089,"href":"https:\/\/primeshop.ee\/et\/wp-json\/wp\/v2\/product\/19084\/revisions\/19089"}],"wp:featuredmedia":[{"embeddable":true,"href":"https:\/\/primeshop.ee\/et\/wp-json\/wp\/v2\/media\/19085"}],"wp:attachment":[{"href":"https:\/\/primeshop.ee\/et\/wp-json\/wp\/v2\/media?parent=19084"}],"wp:term":[{"taxonomy":"product_brand","embeddable":true,"href":"https:\/\/primeshop.ee\/et\/wp-json\/wp\/v2\/product_brand?post=19084"},{"taxonomy":"product_cat","embeddable":true,"href":"https:\/\/primeshop.ee\/et\/wp-json\/wp\/v2\/product_cat?post=19084"},{"taxonomy":"product_tag","embeddable":true,"href":"https:\/\/primeshop.ee\/et\/wp-json\/wp\/v2\/product_tag?post=19084"}],"curies":[{"name":"wp","href":"https:\/\/api.w.org\/{rel}","templated":true}]}}