{"id":18884,"date":"2025-01-16T22:19:02","date_gmt":"2025-01-16T22:19:02","guid":{"rendered":"https:\/\/primeshop.ee\/?post_type=product&#038;p=18884"},"modified":"2026-03-02T08:55:13","modified_gmt":"2026-03-02T08:55:13","slug":"shower-cream-aloe-vera-and-tiare-flower-fragrance","status":"publish","type":"product","link":"https:\/\/primeshop.ee\/et\/shop\/shower-cream-aloe-vera-and-tiare-flower-fragrance\/","title":{"rendered":"Shower Cream Aloe Vera and Tiare Flower Fragrance"},"content":{"rendered":"<p><strong>KOOSTIS:<\/strong><\/p>\n<p>AQUA (WATER), SODIUM LAURETH SULFATE, LAURYL GLUCOSIDE, GLYCERIN, COCAMIDOPROPYL BETAINE, COCO-GLUCOSIDE, PARFUM (FRAGRANCE), SODIUM CHLORIDE, CITRIC ACID, POTASSIUM SORBATE, SODIUM BENZOATE, LIMONENE, LINALOOL, LOTUS CORNICULATUS LEAF CELL EXTRACT, ALOE BARBADENSIS LEAF EXTRACT, HYDROXYCITRONELLAL, MEL EXTRACT (HONEY EXTRACT), CITRAL, CI 19140 (YELLOW 5), CI 14700 (RED 4)<\/p>\n<p>Koostisosade loetelu v\u00f5ib varieeruda, soovitame teil alati kontrollida ostetud toote loendit.<\/p>\n<p class=\"prod-ss-title color3\"><strong>PEAMISED AKTIIVSED KOOSTISAINED:<\/strong><\/p>\n<p class=\"prod-ss-title color3\">Lootose ekstrakt, aloe vera, mesi<\/p>\n<p class=\"prod-ss-title color3\"><strong>JUHISED KASUTAMISEKS:<\/strong><\/p>\n<p class=\"prod-ss-title color3\">Kandke toodet du\u0161i all kogu kehale, ajage vahule ja loputage hoolikalt sooja veega.<\/p>","protected":false},"excerpt":{"rendered":"<p>See \u00f5rnalt l\u00f5hnastatud du\u0161ikreem austab \u00f5rnalt epidermise f\u00fcsioloogilist pH-d. Naha sublimeerimiseks kandke p\u00e4rast du\u0161\u0161i La Sultane de Saba kehakreemi.<\/p>","protected":false},"featured_media":19827,"comment_status":"open","ping_status":"closed","template":"","meta":[],"product_brand":[350],"product_cat":[327,335],"product_tag":[],"class_list":{"0":"post-18884","1":"product","2":"type-product","3":"status-publish","4":"has-post-thumbnail","6":"product_brand-la-sultane-de-saba","7":"product_cat-body","8":"product_cat-shower-cream","10":"first","11":"instock","12":"taxable","13":"shipping-taxable","14":"purchasable","15":"product-type-simple"},"_links":{"self":[{"href":"https:\/\/primeshop.ee\/et\/wp-json\/wp\/v2\/product\/18884","targetHints":{"allow":["GET"]}}],"collection":[{"href":"https:\/\/primeshop.ee\/et\/wp-json\/wp\/v2\/product"}],"about":[{"href":"https:\/\/primeshop.ee\/et\/wp-json\/wp\/v2\/types\/product"}],"replies":[{"embeddable":true,"href":"https:\/\/primeshop.ee\/et\/wp-json\/wp\/v2\/comments?post=18884"}],"version-history":[{"count":1,"href":"https:\/\/primeshop.ee\/et\/wp-json\/wp\/v2\/product\/18884\/revisions"}],"predecessor-version":[{"id":18885,"href":"https:\/\/primeshop.ee\/et\/wp-json\/wp\/v2\/product\/18884\/revisions\/18885"}],"wp:featuredmedia":[{"embeddable":true,"href":"https:\/\/primeshop.ee\/et\/wp-json\/wp\/v2\/media\/19827"}],"wp:attachment":[{"href":"https:\/\/primeshop.ee\/et\/wp-json\/wp\/v2\/media?parent=18884"}],"wp:term":[{"taxonomy":"product_brand","embeddable":true,"href":"https:\/\/primeshop.ee\/et\/wp-json\/wp\/v2\/product_brand?post=18884"},{"taxonomy":"product_cat","embeddable":true,"href":"https:\/\/primeshop.ee\/et\/wp-json\/wp\/v2\/product_cat?post=18884"},{"taxonomy":"product_tag","embeddable":true,"href":"https:\/\/primeshop.ee\/et\/wp-json\/wp\/v2\/product_tag?post=18884"}],"curies":[{"name":"wp","href":"https:\/\/api.w.org\/{rel}","templated":true}]}}