{"id":18834,"date":"2024-12-24T08:55:28","date_gmt":"2024-12-24T08:55:28","guid":{"rendered":"https:\/\/primeshop.ee\/?post_type=product&#038;p=18834"},"modified":"2026-03-02T08:55:22","modified_gmt":"2026-03-02T08:55:22","slug":"shower-cream-orange-blossom-fragrance","status":"publish","type":"product","link":"https:\/\/primeshop.ee\/et\/shop\/shower-cream-orange-blossom-fragrance\/","title":{"rendered":"Shower Cream &#8211; Orange Blossom Fragrance"},"content":{"rendered":"<p><strong>KOOSTIS:<\/strong><\/p>\n<p>AQUA (WATER), SODIUM LAURETH SULFATE, LAURYL GLUCOSIDE, GLYCERIN, COCAMIDOPROPYL BETAINE, COCO-GLUCOSIDE, PARFUM (FRAGRANCE), SODIUM CHLORIDE, CITRIC ACID, POTASSIUM SORBATE, SODIUM BENZOATE, LOTUS CORNICULATUS LEAF\/STEM EXTRACT, LINALOOL, GERANIOL, ALOE BARBADENSIS LEAF EXTRACT, LIMONENE, MEL EXTRACT (HONEY EXTRACT), CI 19140 (YELLOW 5), CI 14700 (RED 4)<\/p>\n<p>&nbsp;<\/p>\n<p class=\"prod-ss-title color3\">Koostisosade loetelu v\u00f5ib varieeruda, soovitame teil alati kontrollida ostetud toote loendit.<\/p>","protected":false},"excerpt":{"rendered":"<p class=\"prod-ss-title color3\"><strong>KIRJELDUS:<\/strong><\/p>\n<p>See \u00f5rnalt l\u00f5hnastatud du\u0161ikreem austab \u00f5rnalt epidermise f\u00fcsioloogilist pH-d. Naha sublimeerimiseks kandke p\u00e4rast du\u0161\u0161i La Sultane de Saba kehakreemi.<\/p>","protected":false},"featured_media":18913,"comment_status":"open","ping_status":"closed","template":"","meta":[],"product_brand":[350],"product_cat":[327,335],"product_tag":[],"class_list":{"0":"post-18834","1":"product","2":"type-product","3":"status-publish","4":"has-post-thumbnail","6":"product_brand-la-sultane-de-saba","7":"product_cat-body","8":"product_cat-shower-cream","10":"first","11":"instock","12":"taxable","13":"shipping-taxable","14":"purchasable","15":"product-type-simple"},"_links":{"self":[{"href":"https:\/\/primeshop.ee\/et\/wp-json\/wp\/v2\/product\/18834","targetHints":{"allow":["GET"]}}],"collection":[{"href":"https:\/\/primeshop.ee\/et\/wp-json\/wp\/v2\/product"}],"about":[{"href":"https:\/\/primeshop.ee\/et\/wp-json\/wp\/v2\/types\/product"}],"replies":[{"embeddable":true,"href":"https:\/\/primeshop.ee\/et\/wp-json\/wp\/v2\/comments?post=18834"}],"version-history":[{"count":2,"href":"https:\/\/primeshop.ee\/et\/wp-json\/wp\/v2\/product\/18834\/revisions"}],"predecessor-version":[{"id":18861,"href":"https:\/\/primeshop.ee\/et\/wp-json\/wp\/v2\/product\/18834\/revisions\/18861"}],"wp:featuredmedia":[{"embeddable":true,"href":"https:\/\/primeshop.ee\/et\/wp-json\/wp\/v2\/media\/18913"}],"wp:attachment":[{"href":"https:\/\/primeshop.ee\/et\/wp-json\/wp\/v2\/media?parent=18834"}],"wp:term":[{"taxonomy":"product_brand","embeddable":true,"href":"https:\/\/primeshop.ee\/et\/wp-json\/wp\/v2\/product_brand?post=18834"},{"taxonomy":"product_cat","embeddable":true,"href":"https:\/\/primeshop.ee\/et\/wp-json\/wp\/v2\/product_cat?post=18834"},{"taxonomy":"product_tag","embeddable":true,"href":"https:\/\/primeshop.ee\/et\/wp-json\/wp\/v2\/product_tag?post=18834"}],"curies":[{"name":"wp","href":"https:\/\/api.w.org\/{rel}","templated":true}]}}