{"id":18607,"date":"2024-04-30T13:29:20","date_gmt":"2024-04-30T13:29:20","guid":{"rendered":"https:\/\/primeshop.ee\/?post_type=product&#038;p=18607"},"modified":"2026-03-02T08:56:39","modified_gmt":"2026-03-02T08:56:39","slug":"shea-butter-lotus-and-frangipani-flower-fragrance","status":"publish","type":"product","link":"https:\/\/primeshop.ee\/et\/shop\/shea-butter-lotus-and-frangipani-flower-fragrance\/","title":{"rendered":"Sheav\u00f5i Lotose ja Frangipani lillel\u00f5hn"},"content":{"rendered":"<p><strong>KOOSTIS:<\/strong><\/p>\n<p>BUTYROSPERMUM PARKII (SHEA) V\u00d5I, PARFUM (L\u00d5HNAAINE), LINALOOL, KANEEM\u00dcLALKOHOOL, EUGENOOL, LIMONEEN, ISOEUGENOL, ALFA-ISOMET\u00dcLIIONOON, BENS\u00dc\u00dcLBENSOAA, GERANIOL, BENS\u00dc\u00dcLSALITS\u00dcLAAT<\/p>\n<p>&nbsp;<\/p>\n<p class=\"prod-ss-title color3\">Koostisosade loetelu v\u00f5ib varieeruda, soovitame teil alati kontrollida ostetud toote loendit.<\/p>\n<p class=\"prod-ss-title color3\"><strong>PEAMISED AKTIIVNE KOOSTISAINE:<\/strong><\/p>\n<p class=\"prod-ss-title color3\">Orgaaniline sheav\u00f5i<\/p>\n<p class=\"prod-ss-title color3\"><strong>JUHISED KASUTAMISEKS:<\/strong><\/p>\n<p class=\"prod-ss-title color3\">Enne nahale kandmist ringjate liigutustega sulatage peopesas v\u00f5inupp. Keskenduge kuivadele kohtadele, nagu k\u00fc\u00fcnarnukid, p\u00f5lved ja kontsad. Selle toote teraline tekstuur tuleneb temperatuurimuutustest.<\/p>\n<p class=\"prod-ss-title color3\"><strong>Kuidas kasutada meie sheav\u00f5id?<\/strong><\/p>\n<p class=\"prod-ss-title color3\"><iframe loading=\"lazy\" title=\"YouTube video player\" src=\"https:\/\/www.youtube.com\/embed\/c8WZ1e2pAfk?modestbranding=1\" width=\"320\" height=\"180\" frameborder=\"0\" allowfullscreen=\"allowfullscreen\" data-mce-fragment=\"1\"><\/iframe><\/p>","protected":false},"excerpt":{"rendered":"<p>100% loodusliku ja orgaanilise sheav\u00f5i baasil valmistatud toode toidab intensiivselt ka k\u00f5ige kuivemat nahka, pakkudes puhtalt taastavat hooldust. See \u00f5rn looduslik toode niisutab intensiivselt* nahka p\u00f5neva l\u00f5hnaga.<br \/>\n*epidermise \u00fclemiste kihtide niisutamine<\/p>","protected":false},"featured_media":18609,"comment_status":"open","ping_status":"closed","template":"","meta":[],"product_brand":[350],"product_cat":[327,330],"product_tag":[],"class_list":{"0":"post-18607","1":"product","2":"type-product","3":"status-publish","4":"has-post-thumbnail","6":"product_brand-la-sultane-de-saba","7":"product_cat-body","8":"product_cat-shea-butters","10":"first","11":"instock","12":"taxable","13":"shipping-taxable","14":"purchasable","15":"product-type-simple"},"_links":{"self":[{"href":"https:\/\/primeshop.ee\/et\/wp-json\/wp\/v2\/product\/18607","targetHints":{"allow":["GET"]}}],"collection":[{"href":"https:\/\/primeshop.ee\/et\/wp-json\/wp\/v2\/product"}],"about":[{"href":"https:\/\/primeshop.ee\/et\/wp-json\/wp\/v2\/types\/product"}],"replies":[{"embeddable":true,"href":"https:\/\/primeshop.ee\/et\/wp-json\/wp\/v2\/comments?post=18607"}],"version-history":[{"count":2,"href":"https:\/\/primeshop.ee\/et\/wp-json\/wp\/v2\/product\/18607\/revisions"}],"predecessor-version":[{"id":18611,"href":"https:\/\/primeshop.ee\/et\/wp-json\/wp\/v2\/product\/18607\/revisions\/18611"}],"wp:featuredmedia":[{"embeddable":true,"href":"https:\/\/primeshop.ee\/et\/wp-json\/wp\/v2\/media\/18609"}],"wp:attachment":[{"href":"https:\/\/primeshop.ee\/et\/wp-json\/wp\/v2\/media?parent=18607"}],"wp:term":[{"taxonomy":"product_brand","embeddable":true,"href":"https:\/\/primeshop.ee\/et\/wp-json\/wp\/v2\/product_brand?post=18607"},{"taxonomy":"product_cat","embeddable":true,"href":"https:\/\/primeshop.ee\/et\/wp-json\/wp\/v2\/product_cat?post=18607"},{"taxonomy":"product_tag","embeddable":true,"href":"https:\/\/primeshop.ee\/et\/wp-json\/wp\/v2\/product_tag?post=18607"}],"curies":[{"name":"wp","href":"https:\/\/api.w.org\/{rel}","templated":true}]}}