{"id":18601,"date":"2024-04-30T13:09:26","date_gmt":"2024-04-30T13:09:26","guid":{"rendered":"https:\/\/primeshop.ee\/?post_type=product&#038;p=18601"},"modified":"2026-03-02T08:56:49","modified_gmt":"2026-03-02T08:56:49","slug":"lulur-scrub-lotus-and-frangipani-flower-fragrance","status":"publish","type":"product","link":"https:\/\/primeshop.ee\/et\/shop\/lulur-scrub-lotus-and-frangipani-flower-fragrance\/","title":{"rendered":"Lulur Kehakoorija Lotose ja Frangipani Flower Fragrance"},"content":{"rendered":"<p><strong>KOOSTIS:<\/strong><\/p>\n<p>AQUA (VESI), ORYZA SATIVA (RIISI) PULBER, COCOS NUCIFERA (KOOKOSP\u00c4HKLI) PUUVILJAEKSTRAKT, PROP\u00dcLEENGL\u00dcKOOL, GL\u00dcTSERIIN, PPG-1-PEG-9 LAUR\u00dc\u00dcLGL\u00dcKOOLEETER, PARFUM (L\u00d5HNAAINE), KSANTAANKUMMI, PEGROGENA-40 , BENS\u00dc\u00dcLALKOHOL, KARBOMEER, PENT\u00dcLEENGL\u00dcKOOL, KAPR\u00dc\u00dcLGL\u00dcKOOL, ALLANTOIIN, DETS\u00dcLEENGL\u00dcKOOL, NAATRIUMH\u00dcDROKSIID, LINALOOL, KANEEM\u00dcLALKOHOL, EUGENOOL, LIMONEEN<\/p>\n<p>&nbsp;<\/p>\n<p class=\"prod-ss-title color3\">Koostisosade loetelu v\u00f5ib varieeruda, soovitame teil alati kontrollida ostetud toote loendit.<\/p>\n<p class=\"prod-ss-title color3\"><strong>PEAMISED AKTIIVSED KOOSTISAINED:<\/strong><\/p>\n<p class=\"prod-ss-title color3\">Riisipulber, kookose ekstrakt<\/p>\n<p class=\"prod-ss-title color3\"><strong>JUHISED KASUTAMISEKS:<\/strong><\/p>\n<p class=\"prod-ss-title color3\">Kandke oma kehakoorija \u00fcks v\u00f5i kaks korda n\u00e4dalas m\u00e4rjale nahale \u00f5rnade ringjate massaa\u017eidega. Keskenduge karedatele kohtadele, nagu p\u00f5lved, k\u00fc\u00fcnarnukid ja kontsad, seej\u00e4rel loputage sooja veega.<\/p>","protected":false},"excerpt":{"rendered":"<ul>\n<li>Kookoseosakestest valmistatud Lulur kehakoorija on traditsiooniline nahahooldus, mis koorib sujuvalt ja t\u00e4psustab naha tekstuuri.<\/li>\n<\/ul>","protected":false},"featured_media":18602,"comment_status":"open","ping_status":"closed","template":"","meta":[],"product_brand":[350],"product_cat":[327,331],"product_tag":[],"class_list":{"0":"post-18601","1":"product","2":"type-product","3":"status-publish","4":"has-post-thumbnail","6":"product_brand-la-sultane-de-saba","7":"product_cat-body","8":"product_cat-scrub","10":"first","11":"instock","12":"sale","13":"taxable","14":"shipping-taxable","15":"purchasable","16":"product-type-simple"},"_links":{"self":[{"href":"https:\/\/primeshop.ee\/et\/wp-json\/wp\/v2\/product\/18601","targetHints":{"allow":["GET"]}}],"collection":[{"href":"https:\/\/primeshop.ee\/et\/wp-json\/wp\/v2\/product"}],"about":[{"href":"https:\/\/primeshop.ee\/et\/wp-json\/wp\/v2\/types\/product"}],"replies":[{"embeddable":true,"href":"https:\/\/primeshop.ee\/et\/wp-json\/wp\/v2\/comments?post=18601"}],"version-history":[{"count":4,"href":"https:\/\/primeshop.ee\/et\/wp-json\/wp\/v2\/product\/18601\/revisions"}],"predecessor-version":[{"id":18636,"href":"https:\/\/primeshop.ee\/et\/wp-json\/wp\/v2\/product\/18601\/revisions\/18636"}],"wp:featuredmedia":[{"embeddable":true,"href":"https:\/\/primeshop.ee\/et\/wp-json\/wp\/v2\/media\/18602"}],"wp:attachment":[{"href":"https:\/\/primeshop.ee\/et\/wp-json\/wp\/v2\/media?parent=18601"}],"wp:term":[{"taxonomy":"product_brand","embeddable":true,"href":"https:\/\/primeshop.ee\/et\/wp-json\/wp\/v2\/product_brand?post=18601"},{"taxonomy":"product_cat","embeddable":true,"href":"https:\/\/primeshop.ee\/et\/wp-json\/wp\/v2\/product_cat?post=18601"},{"taxonomy":"product_tag","embeddable":true,"href":"https:\/\/primeshop.ee\/et\/wp-json\/wp\/v2\/product_tag?post=18601"}],"curies":[{"name":"wp","href":"https:\/\/api.w.org\/{rel}","templated":true}]}}