{"id":18596,"date":"2024-04-30T13:03:26","date_gmt":"2024-04-30T13:03:26","guid":{"rendered":"https:\/\/primeshop.ee\/?post_type=product&#038;p=18596"},"modified":"2026-03-02T08:57:02","modified_gmt":"2026-03-02T08:57:02","slug":"beauty-oil-lotus-and-frangipani-flower-fragrance","status":"publish","type":"product","link":"https:\/\/primeshop.ee\/et\/shop\/beauty-oil-lotus-and-frangipani-flower-fragrance\/","title":{"rendered":"Ilu\u00f5li Lootose ja frangipani lillel\u00f5hn"},"content":{"rendered":"<p><strong>KOOSTIS:<\/strong><\/p>\n<p>HELIANTHUS ANNUUS (SUNFLOWER) SEED OIL, PARFUM (FRAGRANCE), LINALOOL, DAUCUS CAROTA SATIVA (CARROT) ROOT EXTRACT, OPUNTIA FICUS-INDICA FLOWER EXTRACT, CINNAMYL ALCOHOL, EUGENOL, LIMONENE, ISOEUGENOL, ALPHA-ISOMETHYL IONONE, BENZYL BENZOATE, GERANIOL, BENZYL SALICYLATE, FARNESOL<\/p>\n<p>Koostisosade loetelu v\u00f5ib varieeruda, soovitame teil alati kontrollida ostetud toote loendit.<\/p>\n<p><strong>JUHISED KASUTAMISEKS:<\/strong><\/p>\n<p>Every day, apply your oil on the skin with light massages.<\/p>","protected":false},"excerpt":{"rendered":"<ul>\n<li>Sensuaalsuse aare, see v\u00e4\u00e4rtuslik \u00f5li \u00fchendab nii suvel kui talvel oma toitva efektiivsuse satiinse j\u00f5uga, mis niisutab* ja sublimeerib samal ajal.<\/li>\n<\/ul>\n<p>*epidermise \u00fclemiste kihtide niisutamine<\/p>","protected":false},"featured_media":18597,"comment_status":"open","ping_status":"closed","template":"","meta":[],"product_brand":[350],"product_cat":[327,328],"product_tag":[],"class_list":{"0":"post-18596","1":"product","2":"type-product","3":"status-publish","4":"has-post-thumbnail","6":"product_brand-la-sultane-de-saba","7":"product_cat-body","8":"product_cat-beauty-oil","10":"first","11":"instock","12":"taxable","13":"shipping-taxable","14":"purchasable","15":"product-type-simple"},"_links":{"self":[{"href":"https:\/\/primeshop.ee\/et\/wp-json\/wp\/v2\/product\/18596","targetHints":{"allow":["GET"]}}],"collection":[{"href":"https:\/\/primeshop.ee\/et\/wp-json\/wp\/v2\/product"}],"about":[{"href":"https:\/\/primeshop.ee\/et\/wp-json\/wp\/v2\/types\/product"}],"replies":[{"embeddable":true,"href":"https:\/\/primeshop.ee\/et\/wp-json\/wp\/v2\/comments?post=18596"}],"version-history":[{"count":3,"href":"https:\/\/primeshop.ee\/et\/wp-json\/wp\/v2\/product\/18596\/revisions"}],"predecessor-version":[{"id":18633,"href":"https:\/\/primeshop.ee\/et\/wp-json\/wp\/v2\/product\/18596\/revisions\/18633"}],"wp:featuredmedia":[{"embeddable":true,"href":"https:\/\/primeshop.ee\/et\/wp-json\/wp\/v2\/media\/18597"}],"wp:attachment":[{"href":"https:\/\/primeshop.ee\/et\/wp-json\/wp\/v2\/media?parent=18596"}],"wp:term":[{"taxonomy":"product_brand","embeddable":true,"href":"https:\/\/primeshop.ee\/et\/wp-json\/wp\/v2\/product_brand?post=18596"},{"taxonomy":"product_cat","embeddable":true,"href":"https:\/\/primeshop.ee\/et\/wp-json\/wp\/v2\/product_cat?post=18596"},{"taxonomy":"product_tag","embeddable":true,"href":"https:\/\/primeshop.ee\/et\/wp-json\/wp\/v2\/product_tag?post=18596"}],"curies":[{"name":"wp","href":"https:\/\/api.w.org\/{rel}","templated":true}]}}