{"id":18581,"date":"2024-04-30T12:32:13","date_gmt":"2024-04-30T12:32:13","guid":{"rendered":"https:\/\/primeshop.ee\/?post_type=product&#038;p=18581"},"modified":"2026-03-02T08:57:33","modified_gmt":"2026-03-02T08:57:33","slug":"shea-butter-ginger-green-tea-fragrance","status":"publish","type":"product","link":"https:\/\/primeshop.ee\/et\/shop\/shea-butter-ginger-green-tea-fragrance\/","title":{"rendered":"Sheav\u00f5i Ingveri rohelise tee l\u00f5hn"},"content":{"rendered":"<p><strong>KOOSTIS:<\/strong><\/p>\n<p>BUTYROSPERMUM PARKII (SHEA) V\u00d5I, PARFUM (L\u00d5HNAAINE), LIMONEEN, LINALOOL, H\u00dcDROKS\u00dcTSITRONELLAL, TSITRAAL, TSITRONELLOOL<\/p>\n<p>&nbsp;<\/p>\n<p class=\"prod-ss-title color3\">Koostisosade loetelu v\u00f5ib varieeruda, soovitame teil alati kontrollida ostetud toote loendit.<\/p>\n<p class=\"prod-ss-title color3\"><strong>PEAMISED AKTIIVNE KOOSTISAINE:<\/strong><\/p>\n<p class=\"prod-ss-title color3\">Orgaaniline sheav\u00f5i<\/p>\n<p class=\"prod-ss-title color3\"><strong>JUHISED KASUTAMISEKS:<\/strong><\/p>\n<p class=\"prod-ss-title color3\">Enne nahale kandmist ringjate liigutustega sulatage peopesas v\u00f5inupp. Keskenduge kuivadele kohtadele, nagu k\u00fc\u00fcnarnukid, p\u00f5lved ja kontsad. Selle toote teraline tekstuur tuleneb temperatuurimuutustest.<\/p>\n<p><strong>Kuidas kasutada meie sheav\u00f5id?<\/strong><\/p>\n<p><iframe loading=\"lazy\" title=\"YouTube video player\" src=\"https:\/\/www.youtube.com\/embed\/c8WZ1e2pAfk?modestbranding=1\" width=\"320\" height=\"180\" frameborder=\"0\" allowfullscreen=\"allowfullscreen\" data-mce-fragment=\"1\"><\/iframe><\/p>","protected":false},"excerpt":{"rendered":"<p>100% loodusliku ja orgaanilise sheav\u00f5i baasil valmistatud toode toidab intensiivselt ka k\u00f5ige kuivemat nahka, pakkudes puhtalt taastavat hooldust. See \u00f5rn looduslik toode niisutab intensiivselt* nahka p\u00f5neva l\u00f5hnaga. Peale kantud v\u00f5i toidab juuksekiudu, elustab ja annab juustele s\u00e4ra.<br \/>\n*epidermise \u00fclemiste kihtide niisutamine<\/p>","protected":false},"featured_media":18582,"comment_status":"open","ping_status":"closed","template":"","meta":[],"product_brand":[350],"product_cat":[327,330],"product_tag":[],"class_list":{"0":"post-18581","1":"product","2":"type-product","3":"status-publish","4":"has-post-thumbnail","6":"product_brand-la-sultane-de-saba","7":"product_cat-body","8":"product_cat-shea-butters","10":"first","11":"instock","12":"taxable","13":"shipping-taxable","14":"purchasable","15":"product-type-simple"},"_links":{"self":[{"href":"https:\/\/primeshop.ee\/et\/wp-json\/wp\/v2\/product\/18581","targetHints":{"allow":["GET"]}}],"collection":[{"href":"https:\/\/primeshop.ee\/et\/wp-json\/wp\/v2\/product"}],"about":[{"href":"https:\/\/primeshop.ee\/et\/wp-json\/wp\/v2\/types\/product"}],"replies":[{"embeddable":true,"href":"https:\/\/primeshop.ee\/et\/wp-json\/wp\/v2\/comments?post=18581"}],"version-history":[{"count":3,"href":"https:\/\/primeshop.ee\/et\/wp-json\/wp\/v2\/product\/18581\/revisions"}],"predecessor-version":[{"id":18586,"href":"https:\/\/primeshop.ee\/et\/wp-json\/wp\/v2\/product\/18581\/revisions\/18586"}],"wp:featuredmedia":[{"embeddable":true,"href":"https:\/\/primeshop.ee\/et\/wp-json\/wp\/v2\/media\/18582"}],"wp:attachment":[{"href":"https:\/\/primeshop.ee\/et\/wp-json\/wp\/v2\/media?parent=18581"}],"wp:term":[{"taxonomy":"product_brand","embeddable":true,"href":"https:\/\/primeshop.ee\/et\/wp-json\/wp\/v2\/product_brand?post=18581"},{"taxonomy":"product_cat","embeddable":true,"href":"https:\/\/primeshop.ee\/et\/wp-json\/wp\/v2\/product_cat?post=18581"},{"taxonomy":"product_tag","embeddable":true,"href":"https:\/\/primeshop.ee\/et\/wp-json\/wp\/v2\/product_tag?post=18581"}],"curies":[{"name":"wp","href":"https:\/\/api.w.org\/{rel}","templated":true}]}}