{"id":18558,"date":"2024-04-26T15:57:57","date_gmt":"2024-04-26T15:57:57","guid":{"rendered":"https:\/\/primeshop.ee\/?post_type=product&#038;p=18558"},"modified":"2026-03-02T08:59:44","modified_gmt":"2026-03-02T08:59:44","slug":"body-lotion-jasmine-and-tropical-flowers-fragrance","status":"publish","type":"product","link":"https:\/\/primeshop.ee\/et\/shop\/body-lotion-jasmine-and-tropical-flowers-fragrance\/","title":{"rendered":"Kehakreem Jasmiini ja troopiliste lillede aroom"},"content":{"rendered":"<p><strong>KOOSTIS:<\/strong><\/p>\n<p>AQUA (VESI), PRUNUS AMYGDALUS DULCIS (MAGUSMANDLI) \u00d5LI, PROP\u00dcLEENGLYKOOL, BUTYROSPERMUM PARKII (SHEA) V\u00d5I, PARFUM (L\u00d5HNAAINE), TSET\u00dc\u00dcLIALKOHOL, PEG-8 STEARAAT, TSETEAR\u00dc\u00dcLALKOKOHOHOOL, PET\u00dc\u00dc\u00dcLALKOHOHOOL. LINALOOL, BENS\u00dc\u00dcLALKOHOOL, DIMETIKOON, PEG-20 STEARAAT, PENT\u00dcLEENGL\u00dcKOOL, KARBOMEER, TOFEER\u00dcLATSETAAT, KAPR\u00dc\u00dcLGL\u00dcKOOL, DETS\u00dcLEENGL\u00dcKOOL, ALLANTOIIN, UREA, NAATRIUMH\u00dcDROKSIID, BEHTSIEENUNAGENOOL, B NIOL<\/p>\n<p>&nbsp;<\/p>\n<p class=\"prod-ss-title color3\">Koostisosade loetelu v\u00f5ib varieeruda, soovitame teil alati kontrollida ostetud toote loendit.<\/p>\n<p class=\"prod-ss-title color3\">\n<p class=\"prod-ss-title color3\"><strong>PEAMISED AKTIIVSED KOOSTISAINED:<\/strong><\/p>\n<p class=\"prod-ss-title color3\">Magusmandli\u00f5li, sheav\u00f5i ja kookos\u00f5li<\/p>\n<p class=\"prod-ss-title color3\">\n<p class=\"prod-ss-title color3\"><strong>JUHISED KASUTAMISEKS:<\/strong><\/p>\n<p class=\"prod-ss-title color3\">Kandke v\u00e4ike kogus puhtale ja kuivale nahale. Laske ringjate liigutustega imbuda.<\/p>","protected":false},"excerpt":{"rendered":"<p>Sheav\u00f5i ja magusa mandli\u00f5liga valmistatud kehakreemil on kerge tekstuur, kuid see on piisavalt rikkalik, et pakkuda s\u00fcgavat niisutust*, j\u00e4ttes samal ajal nahale \u00f5rna l\u00f5hna. Selle ainulaadne sensoorne valem tekitab lohutava tunde, mis j\u00e4tab naha elastseks ja sametiselt pehmeks.<\/p>\n<p>*epidermise \u00fclemiste kihtide niisutamine<\/p>","protected":false},"featured_media":18559,"comment_status":"open","ping_status":"closed","template":"","meta":[],"product_brand":[350],"product_cat":[327,329],"product_tag":[],"class_list":{"0":"post-18558","1":"product","2":"type-product","3":"status-publish","4":"has-post-thumbnail","6":"product_brand-la-sultane-de-saba","7":"product_cat-body","8":"product_cat-body-lotion","10":"first","11":"instock","12":"taxable","13":"shipping-taxable","14":"purchasable","15":"product-type-simple"},"_links":{"self":[{"href":"https:\/\/primeshop.ee\/et\/wp-json\/wp\/v2\/product\/18558","targetHints":{"allow":["GET"]}}],"collection":[{"href":"https:\/\/primeshop.ee\/et\/wp-json\/wp\/v2\/product"}],"about":[{"href":"https:\/\/primeshop.ee\/et\/wp-json\/wp\/v2\/types\/product"}],"replies":[{"embeddable":true,"href":"https:\/\/primeshop.ee\/et\/wp-json\/wp\/v2\/comments?post=18558"}],"version-history":[{"count":1,"href":"https:\/\/primeshop.ee\/et\/wp-json\/wp\/v2\/product\/18558\/revisions"}],"predecessor-version":[{"id":18561,"href":"https:\/\/primeshop.ee\/et\/wp-json\/wp\/v2\/product\/18558\/revisions\/18561"}],"wp:featuredmedia":[{"embeddable":true,"href":"https:\/\/primeshop.ee\/et\/wp-json\/wp\/v2\/media\/18559"}],"wp:attachment":[{"href":"https:\/\/primeshop.ee\/et\/wp-json\/wp\/v2\/media?parent=18558"}],"wp:term":[{"taxonomy":"product_brand","embeddable":true,"href":"https:\/\/primeshop.ee\/et\/wp-json\/wp\/v2\/product_brand?post=18558"},{"taxonomy":"product_cat","embeddable":true,"href":"https:\/\/primeshop.ee\/et\/wp-json\/wp\/v2\/product_cat?post=18558"},{"taxonomy":"product_tag","embeddable":true,"href":"https:\/\/primeshop.ee\/et\/wp-json\/wp\/v2\/product_tag?post=18558"}],"curies":[{"name":"wp","href":"https:\/\/api.w.org\/{rel}","templated":true}]}}