{"id":18539,"date":"2024-04-26T15:26:47","date_gmt":"2024-04-26T15:26:47","guid":{"rendered":"https:\/\/primeshop.ee\/?post_type=product&#038;p=18539"},"modified":"2026-03-02T09:05:58","modified_gmt":"2026-03-02T09:05:58","slug":"anti-perspirant-deodorant-oriental-ayurvedic-amber-vanilla-patchouli-fragrance","status":"publish","type":"product","link":"https:\/\/primeshop.ee\/et\/shop\/anti-perspirant-deodorant-oriental-ayurvedic-amber-vanilla-patchouli-fragrance\/","title":{"rendered":"Higistamisvastane deodorant Idamaine Ayurveda merevaigu vanilje pat\u0161uli l\u00f5hn"},"content":{"rendered":"<p><strong>KOOSTIS:<\/strong><\/p>\n<p>AQUA (VESI), PROP\u00dcLEENGL\u00dcKOOL, KAALIUMALUM, H\u00dcDROKS\u00dcET\u00dc\u00dcL<br \/>\nAKR\u00dcLAAT\/NAATriumAKR\u00dcLO\u00dcLDIM\u00dc\u00dcLTAURAATI KOPOL\u00dcMEER, POL\u00dcISOBUTEEN, PEG-40 H\u00dcDROGEENITUD RITSIIN\u00d5LI, PARFUM (L\u00d5HNAAINE), FENOKS\u00dcETANOOL, ET\u00dcLHEKS\u00dc\u00dcLGL\u00dcTSERIIN, PEG-7 KOK\u00dcL\u00dcLO\u00dcLDIMET\u00dc\u00dcL-KOPOHERBUTEERI IN, LINALOOL, LIMONEEN, BENS\u00dc\u00dcLBENSOAAT, TOKOFEROOL<\/p>\n<p class=\"prod-ss-title color3\">Koostisosade loetelu v\u00f5ib varieeruda, soovitame teil alati kontrollida ostetud toote loendit.<\/p>\n<p class=\"prod-ss-title color3\"><strong>PEAMISED AKTIIVNE KOOSTISAINE:<\/strong><\/p>\n<p class=\"prod-ss-title color3\">Alumiiniumi sool<\/p>\n<p class=\"prod-ss-title color3\"><strong>JUHISED KASUTAMISEKS:<\/strong><\/p>\n<p class=\"prod-ss-title color3\">Kandke toodet iga p\u00e4ev puhastele ja kuivadele kaenlaalustele.<\/p>","protected":false},"excerpt":{"rendered":"<p>See \u00f5rn deodorant hoiab teid kuivana, pakkudes kauakestvat kaitset j\u00e4lgi j\u00e4tmata. Parf\u00fc\u00fcmi pikendamine, see sobib ideaalselt tundlikule v\u00f5i depileeritud nahale.<\/p>","protected":false},"featured_media":18540,"comment_status":"open","ping_status":"closed","template":"","meta":[],"product_brand":[350],"product_cat":[336,327],"product_tag":[],"class_list":{"0":"post-18539","1":"product","2":"type-product","3":"status-publish","4":"has-post-thumbnail","6":"product_brand-la-sultane-de-saba","7":"product_cat-deodorant","8":"product_cat-body","10":"first","11":"instock","12":"taxable","13":"shipping-taxable","14":"purchasable","15":"product-type-simple"},"_links":{"self":[{"href":"https:\/\/primeshop.ee\/et\/wp-json\/wp\/v2\/product\/18539","targetHints":{"allow":["GET"]}}],"collection":[{"href":"https:\/\/primeshop.ee\/et\/wp-json\/wp\/v2\/product"}],"about":[{"href":"https:\/\/primeshop.ee\/et\/wp-json\/wp\/v2\/types\/product"}],"replies":[{"embeddable":true,"href":"https:\/\/primeshop.ee\/et\/wp-json\/wp\/v2\/comments?post=18539"}],"version-history":[{"count":1,"href":"https:\/\/primeshop.ee\/et\/wp-json\/wp\/v2\/product\/18539\/revisions"}],"predecessor-version":[{"id":18542,"href":"https:\/\/primeshop.ee\/et\/wp-json\/wp\/v2\/product\/18539\/revisions\/18542"}],"wp:featuredmedia":[{"embeddable":true,"href":"https:\/\/primeshop.ee\/et\/wp-json\/wp\/v2\/media\/18540"}],"wp:attachment":[{"href":"https:\/\/primeshop.ee\/et\/wp-json\/wp\/v2\/media?parent=18539"}],"wp:term":[{"taxonomy":"product_brand","embeddable":true,"href":"https:\/\/primeshop.ee\/et\/wp-json\/wp\/v2\/product_brand?post=18539"},{"taxonomy":"product_cat","embeddable":true,"href":"https:\/\/primeshop.ee\/et\/wp-json\/wp\/v2\/product_cat?post=18539"},{"taxonomy":"product_tag","embeddable":true,"href":"https:\/\/primeshop.ee\/et\/wp-json\/wp\/v2\/product_tag?post=18539"}],"curies":[{"name":"wp","href":"https:\/\/api.w.org\/{rel}","templated":true}]}}