{"id":18531,"date":"2024-04-26T15:12:03","date_gmt":"2024-04-26T15:12:03","guid":{"rendered":"https:\/\/primeshop.ee\/?post_type=product&#038;p=18531"},"modified":"2026-04-04T20:17:24","modified_gmt":"2026-04-04T20:17:24","slug":"moisturizing-mist-oriental-ayurvedic-amber-vanilla-patchouli-fragrance","status":"publish","type":"product","link":"https:\/\/primeshop.ee\/et\/shop\/moisturizing-mist-oriental-ayurvedic-amber-vanilla-patchouli-fragrance\/","title":{"rendered":"Kehasprei Ida-Ayurveda merevaigu vanilje Pat\u0161uli l\u00f5hn"},"content":{"rendered":"<p><strong>KOOSTIS:<\/strong><\/p>\n<p>ALCOHOL DENAT., AQUA (WATER), PPG-1-PEG-9 LAURYL GLYCOL ETHER, GLYCERIN, PARFUM (FRAGRANCE), PPG-26-BUTETH-26, PEG-40 HYDROGENATED CASTOR OIL, COUMARIN, LINALOOL, LIMONENE, BENZYL BENZOATE, BUTYL METHOXYDIBENZOYLMETHANE, ETHYLHEXYL METHOXYCINNAMATE, BENZYL CINNAMATE, ETHYLHEXYL SALICYLATE, BHT<\/p>\n<p class=\"prod-ss-title color3\">Koostisosade loetelu v\u00f5ib varieeruda, soovitame teil alati kontrollida ostetud toote loendit.<\/p>\n<p class=\"prod-ss-title color3\"><strong>JUHISED KASUTAMISEKS:<\/strong><\/p>\n<p class=\"prod-ss-title color3\">Pihustage seda nahale ja juustele p\u00e4rast vannis v\u00f5i du\u0161i all k\u00e4imist v\u00f5i nii tihti kui vaja, et l\u00f5hna intensiivsust pikendada. \u00c4rge kandke n\u00e4ole. \u00c4rge hoidke soojusallika l\u00e4heduses.<\/p>","protected":false},"excerpt":{"rendered":"<p>Sensuaalne ja eeterlik Moisturizing Body Mist kaunistab teie nahka ja juukseid peene ja \u00f5hukese tekstuuriga, mis niisutab* ja l\u00f5hnab samal ajal. Keha taastab pehme ja v\u00e4rske tekstuuri. Lisaks parf\u00fc\u00fcmile ja kogu p\u00e4eva \u00e4rkveloleku tugevdamiseks pakub kehaudu kohest heaolu- ja v\u00e4rskustunnet ning viib teid lummava La Sultane de Saba universumi poole.<\/p>\n<p>*epidermise \u00fclemiste kihtide niisutamine<\/p>","protected":false},"featured_media":19209,"comment_status":"open","ping_status":"closed","template":"","meta":[],"product_brand":[350],"product_cat":[327,334],"product_tag":[],"class_list":{"0":"post-18531","1":"product","2":"type-product","3":"status-publish","4":"has-post-thumbnail","6":"product_brand-la-sultane-de-saba","7":"product_cat-body","8":"product_cat-moisturizing-mist","10":"first","11":"instock","12":"taxable","13":"shipping-taxable","14":"purchasable","15":"product-type-simple"},"_links":{"self":[{"href":"https:\/\/primeshop.ee\/et\/wp-json\/wp\/v2\/product\/18531","targetHints":{"allow":["GET"]}}],"collection":[{"href":"https:\/\/primeshop.ee\/et\/wp-json\/wp\/v2\/product"}],"about":[{"href":"https:\/\/primeshop.ee\/et\/wp-json\/wp\/v2\/types\/product"}],"replies":[{"embeddable":true,"href":"https:\/\/primeshop.ee\/et\/wp-json\/wp\/v2\/comments?post=18531"}],"version-history":[{"count":2,"href":"https:\/\/primeshop.ee\/et\/wp-json\/wp\/v2\/product\/18531\/revisions"}],"predecessor-version":[{"id":18536,"href":"https:\/\/primeshop.ee\/et\/wp-json\/wp\/v2\/product\/18531\/revisions\/18536"}],"wp:featuredmedia":[{"embeddable":true,"href":"https:\/\/primeshop.ee\/et\/wp-json\/wp\/v2\/media\/19209"}],"wp:attachment":[{"href":"https:\/\/primeshop.ee\/et\/wp-json\/wp\/v2\/media?parent=18531"}],"wp:term":[{"taxonomy":"product_brand","embeddable":true,"href":"https:\/\/primeshop.ee\/et\/wp-json\/wp\/v2\/product_brand?post=18531"},{"taxonomy":"product_cat","embeddable":true,"href":"https:\/\/primeshop.ee\/et\/wp-json\/wp\/v2\/product_cat?post=18531"},{"taxonomy":"product_tag","embeddable":true,"href":"https:\/\/primeshop.ee\/et\/wp-json\/wp\/v2\/product_tag?post=18531"}],"curies":[{"name":"wp","href":"https:\/\/api.w.org\/{rel}","templated":true}]}}