{"id":18520,"date":"2024-04-26T14:22:31","date_gmt":"2024-04-26T14:22:31","guid":{"rendered":"https:\/\/primeshop.ee\/?post_type=product&#038;p=18520"},"modified":"2026-04-02T07:36:35","modified_gmt":"2026-04-02T07:36:35","slug":"rassoul-rose-and-geranium-fragrance","status":"publish","type":"product","link":"https:\/\/primeshop.ee\/et\/shop\/rassoul-rose-and-geranium-fragrance\/","title":{"rendered":"Rassoul roosi ja geraaniumi aroom"},"content":{"rendered":"<p><strong>KOOSTIS:<\/strong><\/p>\n<p>AQUA (VESI), MAROKO LAAVASAVI, NAATRIUMLAUREETSULFAAT, KOKAMIDOPROP\u00dc\u00dcLBETAIN, KOKO-GLUKOSIID, NAATRIUMKLORIID, COCOS NUCIFERA (KOOKOSP\u00c4HKLI) KESTI PULBER, ROSA DAMASCENA \u00d5LEEKSTRAKT, SODIUMLAUREETSIAATSIUM,SO , PARFUM (L\u00d5HNUS), PELARGOONIUM GRAVEOLENS \u00d5LI, TSITRONELLOOL, GERANIOL, SIDRUKONDHAPE<\/p>\n<p class=\"prod-ss-title color3\">Koostisosade loetelu v\u00f5ib varieeruda, soovitame teil alati kontrollida ostetud toote loendit.<\/p>\n<p class=\"prod-ss-title color3\"><strong>PEAMISED AKTIIVSED KOOSTISAINED:<\/strong><\/p>\n<p class=\"prod-ss-title color3\">Ghassoul, coconut powder, Damask rose extract, geranium essential oil<\/p>\n<p class=\"prod-ss-title color3\"><strong>JUHISED KASUTAMISEKS:<\/strong><\/p>\n<p class=\"prod-ss-title color3\">On the face, apply the product once or twice a week as a mask for about ten minutes and rinse with warm water. On wet hair, apply a small amount of product, lather and rinse with warm water.<\/p>","protected":false},"excerpt":{"rendered":"<p>Rassoul on Marokost Atlase m\u00e4gedest hangitud mineraalsavi, mida kasutatakse naha ja juuste puhastamiseks ja puhastamiseks. Meie rassoul on kreemjas savi, mis on rikastatud geraaniumi eeterliku \u00f5li ja orgaanilise roosiveega.<\/p>","protected":false},"featured_media":18521,"comment_status":"open","ping_status":"closed","template":"","meta":[],"product_brand":[350],"product_cat":[327,217,301,349,330],"product_tag":[],"class_list":{"0":"post-18520","1":"product","2":"type-product","3":"status-publish","4":"has-post-thumbnail","6":"product_brand-la-sultane-de-saba","7":"product_cat-body","8":"product_cat-face","9":"product_cat-face-care","10":"product_cat-hair","11":"product_cat-shea-butters","13":"first","14":"instock","15":"taxable","16":"shipping-taxable","17":"purchasable","18":"product-type-simple"},"_links":{"self":[{"href":"https:\/\/primeshop.ee\/et\/wp-json\/wp\/v2\/product\/18520","targetHints":{"allow":["GET"]}}],"collection":[{"href":"https:\/\/primeshop.ee\/et\/wp-json\/wp\/v2\/product"}],"about":[{"href":"https:\/\/primeshop.ee\/et\/wp-json\/wp\/v2\/types\/product"}],"replies":[{"embeddable":true,"href":"https:\/\/primeshop.ee\/et\/wp-json\/wp\/v2\/comments?post=18520"}],"version-history":[{"count":1,"href":"https:\/\/primeshop.ee\/et\/wp-json\/wp\/v2\/product\/18520\/revisions"}],"predecessor-version":[{"id":18523,"href":"https:\/\/primeshop.ee\/et\/wp-json\/wp\/v2\/product\/18520\/revisions\/18523"}],"wp:featuredmedia":[{"embeddable":true,"href":"https:\/\/primeshop.ee\/et\/wp-json\/wp\/v2\/media\/18521"}],"wp:attachment":[{"href":"https:\/\/primeshop.ee\/et\/wp-json\/wp\/v2\/media?parent=18520"}],"wp:term":[{"taxonomy":"product_brand","embeddable":true,"href":"https:\/\/primeshop.ee\/et\/wp-json\/wp\/v2\/product_brand?post=18520"},{"taxonomy":"product_cat","embeddable":true,"href":"https:\/\/primeshop.ee\/et\/wp-json\/wp\/v2\/product_cat?post=18520"},{"taxonomy":"product_tag","embeddable":true,"href":"https:\/\/primeshop.ee\/et\/wp-json\/wp\/v2\/product_tag?post=18520"}],"curies":[{"name":"wp","href":"https:\/\/api.w.org\/{rel}","templated":true}]}}