{"id":18515,"date":"2024-04-26T14:13:50","date_gmt":"2024-04-26T14:13:50","guid":{"rendered":"https:\/\/primeshop.ee\/?post_type=product&#038;p=18515"},"modified":"2026-03-02T09:06:39","modified_gmt":"2026-03-02T09:06:39","slug":"real-black-soap-with-eucalyptus-essential-oil","status":"publish","type":"product","link":"https:\/\/primeshop.ee\/et\/shop\/real-black-soap-with-eucalyptus-essential-oil\/","title":{"rendered":"Ehtne must seep eukal\u00fcpti eeterliku \u00f5liga"},"content":{"rendered":"<p class=\"prod-ss-title color3\"><strong>KOOSTIS:<\/strong><\/p>\n<p>AQUA (VESI), OLEA EUROPAEA (OLIIVI) KEST\u00d5LI, EUCALYPTUS GLOBULUS LEHE\u00d5LI, KAALIUMH\u00dcDROKSIID, LIMONEEN<\/p>\n<p>&nbsp;<\/p>\n<p>Koostisosade loetelu v\u00f5ib varieeruda, soovitame teil alati kontrollida ostetud toote loendit.<\/p>\n<p class=\"prod-ss-title color3\">\n<p class=\"prod-ss-title color3\"><strong>PEAMISED AKTIIVSED KOOSTISAINED:<\/strong><\/p>\n<p>Oliivi\u00f5li ja eukal\u00fcpti eeterlik \u00f5li<\/p>\n<p class=\"prod-ss-title color3\">\n<p class=\"prod-ss-title color3\"><strong>JUHISED KASUTAMISEKS:<\/strong><\/p>\n<p>Kandke toode m\u00e4rjale nahale kasutades kessakindaid, h\u00f5\u00f5rudes sellega \u00fcle kogu keha ja loputage sooja veega. N\u00e4o jaoks niisutage nahka kergelt ja kandke ringjate liigutustega tilk musta seepi, seej\u00e4rel loputage sooja veega.<\/p>","protected":false},"excerpt":{"rendered":"<p>See rikkalik, looduslik kreemjas pasta on valmistatud oliividest. Seda on selle niisutava* ja kooriva toime t\u00f5ttu kasutatud juba ammusest ajast.<\/p>\n<p>*epidermise \u00fclemiste kihtide niisutamine<\/p>","protected":false},"featured_media":18516,"comment_status":"open","ping_status":"closed","template":"","meta":[],"product_brand":[350],"product_cat":[327,217,301],"product_tag":[],"class_list":{"0":"post-18515","1":"product","2":"type-product","3":"status-publish","4":"has-post-thumbnail","6":"product_brand-la-sultane-de-saba","7":"product_cat-body","8":"product_cat-face","9":"product_cat-face-care","11":"first","12":"instock","13":"taxable","14":"shipping-taxable","15":"purchasable","16":"product-type-simple"},"_links":{"self":[{"href":"https:\/\/primeshop.ee\/et\/wp-json\/wp\/v2\/product\/18515","targetHints":{"allow":["GET"]}}],"collection":[{"href":"https:\/\/primeshop.ee\/et\/wp-json\/wp\/v2\/product"}],"about":[{"href":"https:\/\/primeshop.ee\/et\/wp-json\/wp\/v2\/types\/product"}],"replies":[{"embeddable":true,"href":"https:\/\/primeshop.ee\/et\/wp-json\/wp\/v2\/comments?post=18515"}],"version-history":[{"count":2,"href":"https:\/\/primeshop.ee\/et\/wp-json\/wp\/v2\/product\/18515\/revisions"}],"predecessor-version":[{"id":18519,"href":"https:\/\/primeshop.ee\/et\/wp-json\/wp\/v2\/product\/18515\/revisions\/18519"}],"wp:featuredmedia":[{"embeddable":true,"href":"https:\/\/primeshop.ee\/et\/wp-json\/wp\/v2\/media\/18516"}],"wp:attachment":[{"href":"https:\/\/primeshop.ee\/et\/wp-json\/wp\/v2\/media?parent=18515"}],"wp:term":[{"taxonomy":"product_brand","embeddable":true,"href":"https:\/\/primeshop.ee\/et\/wp-json\/wp\/v2\/product_brand?post=18515"},{"taxonomy":"product_cat","embeddable":true,"href":"https:\/\/primeshop.ee\/et\/wp-json\/wp\/v2\/product_cat?post=18515"},{"taxonomy":"product_tag","embeddable":true,"href":"https:\/\/primeshop.ee\/et\/wp-json\/wp\/v2\/product_tag?post=18515"}],"curies":[{"name":"wp","href":"https:\/\/api.w.org\/{rel}","templated":true}]}}