{"id":18502,"date":"2024-04-26T12:02:52","date_gmt":"2024-04-26T12:02:52","guid":{"rendered":"https:\/\/primeshop.ee\/?post_type=product&#038;p=18502"},"modified":"2025-12-28T12:59:46","modified_gmt":"2025-12-28T12:59:46","slug":"silk-protein-scrub-musk-incense-rose-fragrance","status":"publish","type":"product","link":"https:\/\/primeshop.ee\/et\/shop\/silk-protein-scrub-musk-incense-rose-fragrance\/","title":{"rendered":"Siidiproteiin Kehakoorija Musk Viiruki roosi l\u00f5hn"},"content":{"rendered":"<p><strong>KOOSTIS:<\/strong><\/p>\n<p>PROP\u00dcLEENGL\u00dcKOOL, SAHROOS, VESI (VESI), PARAFFIINI VEDELIK (MINERAAL\u00d5LI), PARFUM (L\u00d5HNAAINE), POLIAKR\u00dcLAMIID, C13-14 ISOPARAFIN, FENOKS\u00dcETANOOL, LAURETH-7, KAALIUMSORBAATI, K\u00dcLIUMTRILL\u00dcLIINL\u00dcLIINI , ALFA-ISOMET\u00dcLI IONONE , H\u00dcDROL\u00dc\u00dcSITUD SIID, CI 15985 (KOLLANE 6), CI 19140 (KOLLANE 5), TOKOFEROOL<\/p>\n<p>&nbsp;<\/p>\n<p class=\"prod-ss-title color3\">Koostisosade loetelu v\u00f5ib varieeruda, soovitame teil alati kontrollida ostetud toote loendit.<\/p>\n<p class=\"prod-ss-title color3\">\n<p class=\"prod-ss-title color3\"><strong>PEAMISED AKTIIVSED KOOSTISAINED:<\/strong><\/p>\n<p class=\"prod-ss-title color3\">Sahharoos, h\u00fcdrol\u00fc\u00fcsitud siidiproteiin<\/p>\n<p class=\"prod-ss-title color3\">\n<p class=\"prod-ss-title color3\"><strong>JUHISED KASUTAMISEKS:<\/strong><\/p>\n<p class=\"prod-ss-title color3\">Kandke oma kehakoorija \u00fcks v\u00f5i kaks korda n\u00e4dalas m\u00e4rjale nahale \u00f5rnade ringjate massaa\u017eidega. Keskenduge karedatele kohtadele, nagu p\u00f5lved, k\u00fc\u00fcnarnukid ja kontsad, seej\u00e4rel loputage sooja veega.<\/p>","protected":false},"excerpt":{"rendered":"<p>See pehme, siluvate ja tugevdavate omadustega siidiproteiinist koorija puhastab naha surnud rakkudest, hoides naha niiske* ja j\u00e4tab loori \u00f5rnalt l\u00f5hnastatud.<br \/>\n*epidermise \u00fclemiste kihtide niisutamine<\/p>","protected":false},"featured_media":18504,"comment_status":"open","ping_status":"closed","template":"","meta":[],"product_brand":[350],"product_cat":[327,331],"product_tag":[],"class_list":{"0":"post-18502","1":"product","2":"type-product","3":"status-publish","4":"has-post-thumbnail","6":"product_brand-la-sultane-de-saba","7":"product_cat-body","8":"product_cat-scrub","10":"first","11":"instock","12":"taxable","13":"shipping-taxable","14":"purchasable","15":"product-type-simple"},"_links":{"self":[{"href":"https:\/\/primeshop.ee\/et\/wp-json\/wp\/v2\/product\/18502","targetHints":{"allow":["GET"]}}],"collection":[{"href":"https:\/\/primeshop.ee\/et\/wp-json\/wp\/v2\/product"}],"about":[{"href":"https:\/\/primeshop.ee\/et\/wp-json\/wp\/v2\/types\/product"}],"replies":[{"embeddable":true,"href":"https:\/\/primeshop.ee\/et\/wp-json\/wp\/v2\/comments?post=18502"}],"version-history":[{"count":1,"href":"https:\/\/primeshop.ee\/et\/wp-json\/wp\/v2\/product\/18502\/revisions"}],"predecessor-version":[{"id":18505,"href":"https:\/\/primeshop.ee\/et\/wp-json\/wp\/v2\/product\/18502\/revisions\/18505"}],"wp:featuredmedia":[{"embeddable":true,"href":"https:\/\/primeshop.ee\/et\/wp-json\/wp\/v2\/media\/18504"}],"wp:attachment":[{"href":"https:\/\/primeshop.ee\/et\/wp-json\/wp\/v2\/media?parent=18502"}],"wp:term":[{"taxonomy":"product_brand","embeddable":true,"href":"https:\/\/primeshop.ee\/et\/wp-json\/wp\/v2\/product_brand?post=18502"},{"taxonomy":"product_cat","embeddable":true,"href":"https:\/\/primeshop.ee\/et\/wp-json\/wp\/v2\/product_cat?post=18502"},{"taxonomy":"product_tag","embeddable":true,"href":"https:\/\/primeshop.ee\/et\/wp-json\/wp\/v2\/product_tag?post=18502"}],"curies":[{"name":"wp","href":"https:\/\/api.w.org\/{rel}","templated":true}]}}