{"id":18457,"date":"2024-04-16T09:49:09","date_gmt":"2024-04-16T09:49:09","guid":{"rendered":"https:\/\/primeshop.ee\/?post_type=product&#038;p=18457"},"modified":"2026-03-02T09:07:21","modified_gmt":"2026-03-02T09:07:21","slug":"shower-cream-ginger-green-tea-fragrance","status":"publish","type":"product","link":"https:\/\/primeshop.ee\/et\/shop\/shower-cream-ginger-green-tea-fragrance\/","title":{"rendered":"Du\u0161ikreem Ingveri rohelise tee l\u00f5hn"},"content":{"rendered":"<p><strong>KOOSTIS:<\/strong><\/p>\n<p>AQUA (VESI), NAATRIUMLAUREETSULFAAT, LAUR\u00dc\u00dcLGLUKOSIID, GL\u00dcTSERIIN, KOKAMIDOPROP\u00dc\u00dcLBEETAIN, KOKO-GLUKOSIID, PARFUM (L\u00d5HNAAINE), NAATRIUMKLORIID, SIDRUHAPPE, KAALIUMSORBOOLSORBATON, L.-FLOODIUM-BETSIUM ER EKSTRAKT, ALOE BARBADENSIS LEHT EKSTRAKT, H\u00dcDROKS\u00dcTSITRONELLAL, MEL-EKSTRAKT (MEE EKSTRAKTS), CITRAAL, CI 19140 (KOLLANE 5), CI 14700 (PUNANE 4)<\/p>\n<p>&nbsp;<\/p>\n<p class=\"prod-ss-title color3\">Koostisosade loetelu v\u00f5ib varieeruda, soovitame teil alati kontrollida ostetud toote loendit.<\/p>\n<p class=\"prod-ss-title color3\"><strong>PEAMISED AKTIIVNE KOOSTISAINE:<\/strong><\/p>\n<p class=\"prod-ss-title color3\">Lootose ekstrakt, aloe vera, mesi<\/p>\n<p class=\"prod-ss-title color3\"><strong>JUHISED KASUTAMISEKS:<\/strong><\/p>\n<p class=\"prod-ss-title color3\">Kandke toodet du\u0161i all kogu kehale, ajage vahule ja loputage hoolikalt sooja veega.<\/p>","protected":false},"excerpt":{"rendered":"<p>See \u00f5rnalt l\u00f5hnastatud du\u0161ikreem austab \u00f5rnalt epidermise f\u00fcsioloogilist pH-d. Naha sublimeerimiseks kandke p\u00e4rast du\u0161\u0161i La Sultane de Saba kehakreemi.<\/p>","protected":false},"featured_media":18547,"comment_status":"open","ping_status":"closed","template":"","meta":[],"product_brand":[350],"product_cat":[327,335],"product_tag":[],"class_list":{"0":"post-18457","1":"product","2":"type-product","3":"status-publish","4":"has-post-thumbnail","6":"product_brand-la-sultane-de-saba","7":"product_cat-body","8":"product_cat-shower-cream","10":"first","11":"instock","12":"taxable","13":"shipping-taxable","14":"purchasable","15":"product-type-simple"},"_links":{"self":[{"href":"https:\/\/primeshop.ee\/et\/wp-json\/wp\/v2\/product\/18457","targetHints":{"allow":["GET"]}}],"collection":[{"href":"https:\/\/primeshop.ee\/et\/wp-json\/wp\/v2\/product"}],"about":[{"href":"https:\/\/primeshop.ee\/et\/wp-json\/wp\/v2\/types\/product"}],"replies":[{"embeddable":true,"href":"https:\/\/primeshop.ee\/et\/wp-json\/wp\/v2\/comments?post=18457"}],"version-history":[{"count":3,"href":"https:\/\/primeshop.ee\/et\/wp-json\/wp\/v2\/product\/18457\/revisions"}],"predecessor-version":[{"id":18549,"href":"https:\/\/primeshop.ee\/et\/wp-json\/wp\/v2\/product\/18457\/revisions\/18549"}],"wp:featuredmedia":[{"embeddable":true,"href":"https:\/\/primeshop.ee\/et\/wp-json\/wp\/v2\/media\/18547"}],"wp:attachment":[{"href":"https:\/\/primeshop.ee\/et\/wp-json\/wp\/v2\/media?parent=18457"}],"wp:term":[{"taxonomy":"product_brand","embeddable":true,"href":"https:\/\/primeshop.ee\/et\/wp-json\/wp\/v2\/product_brand?post=18457"},{"taxonomy":"product_cat","embeddable":true,"href":"https:\/\/primeshop.ee\/et\/wp-json\/wp\/v2\/product_cat?post=18457"},{"taxonomy":"product_tag","embeddable":true,"href":"https:\/\/primeshop.ee\/et\/wp-json\/wp\/v2\/product_tag?post=18457"}],"curies":[{"name":"wp","href":"https:\/\/api.w.org\/{rel}","templated":true}]}}