{"id":18453,"date":"2024-04-16T09:33:54","date_gmt":"2024-04-16T09:33:54","guid":{"rendered":"https:\/\/primeshop.ee\/?post_type=product&#038;p=18453"},"modified":"2026-03-02T09:07:28","modified_gmt":"2026-03-02T09:07:28","slug":"moisturizing-mist-musk-incense-rose-fragrance","status":"publish","type":"product","link":"https:\/\/primeshop.ee\/et\/shop\/moisturizing-mist-musk-incense-rose-fragrance\/","title":{"rendered":"Kehasprei Muskuse viiruki roosi l\u00f5hn"},"content":{"rendered":"<p class=\"prod-ss-title color3\"><strong>KIRJELDUS:<\/strong><\/p>\n<p>Sensuaalne ja eeterlik Moisturizing Body Mist kaunistab teie nahka ja juukseid peene ja \u00f5hukese tekstuuriga, mis niisutab* ja l\u00f5hnab samal ajal. Keha taastab pehme ja v\u00e4rske tekstuuri. Lisaks parf\u00fc\u00fcmile ja kogu p\u00e4eva \u00e4rkveloleku tugevdamiseks pakub kehaudu kohest heaolu- ja v\u00e4rskustunnet ning viib teid lummava La Sultane de Saba universumi poole.<\/p>\n<p>*epidermise \u00fclemiste kihtide niisutamine<\/p>\n<p><strong>KOOSTIS:<\/strong><\/p>\n<p>ALKOHOL DENAT., AQUA (VESI), PARFUM (L\u00d5HNAAINE), PPG-1-PEG-9 LAUR\u00dcLGL\u00dcKOOLEETER, GL\u00dcTSERIIN, PPG-26-BUTETH-26, PEG-40 H\u00dcDROGEENITUD RITSIIN\u00d5LI, KUMARIIIN, TSITRONELLOOL, ALPHA-LINAL, ISOMET\u00dcLIIONOON, LIMONEEN, GERANIOL, BUT\u00dc\u00dcLMETOKS\u00dcDIBENSO\u00dc\u00dcLMETAAN, ET\u00dcLHEKS\u00dc\u00dcLMETOKS\u00dcTSINAMAAT, TSITRAAL, ET\u00dcLHEKS\u00dc\u00dcLSALITS\u00dcLAAT, BHT<\/p>\n<p class=\"prod-ss-title color3\">Koostisosade loetelu v\u00f5ib varieeruda, soovitame teil alati kontrollida ostetud toote loendit.<\/p>\n<p class=\"prod-ss-title color3\"><strong>JUHISED KASUTAMISEKS:<\/strong><\/p>\n<p class=\"prod-ss-title color3\">Pihustage seda nahale ja juustele p\u00e4rast vannis v\u00f5i du\u0161i all k\u00e4imist v\u00f5i nii tihti kui vaja, et l\u00f5hna intensiivsust pikendada. \u00c4rge kandke n\u00e4ole. \u00c4rge hoidke soojusallika l\u00e4heduses.<\/p>","protected":false},"excerpt":{"rendered":"<p>Sensuaalne ja eeterlik Moisturizing Body Mist kaunistab teie nahka ja juukseid peene ja \u00f5hukese tekstuuriga, mis niisutab* ja l\u00f5hnab samal ajal. Keha taastab pehme ja v\u00e4rske tekstuuri. Lisaks parf\u00fc\u00fcmile ja kogu p\u00e4eva \u00e4rkveloleku tugevdamiseks pakub kehaudu kohest heaolu- ja v\u00e4rskustunnet ning viib teid lummava La Sultane de Saba universumi poole.<\/p>\n<p>*epidermise \u00fclemiste kihtide niisutamine<\/p>","protected":false},"featured_media":18535,"comment_status":"open","ping_status":"closed","template":"","meta":[],"product_brand":[350],"product_cat":[327,334],"product_tag":[],"class_list":{"0":"post-18453","1":"product","2":"type-product","3":"status-publish","4":"has-post-thumbnail","6":"product_brand-la-sultane-de-saba","7":"product_cat-body","8":"product_cat-moisturizing-mist","10":"first","11":"instock","12":"taxable","13":"shipping-taxable","14":"purchasable","15":"product-type-simple"},"_links":{"self":[{"href":"https:\/\/primeshop.ee\/et\/wp-json\/wp\/v2\/product\/18453","targetHints":{"allow":["GET"]}}],"collection":[{"href":"https:\/\/primeshop.ee\/et\/wp-json\/wp\/v2\/product"}],"about":[{"href":"https:\/\/primeshop.ee\/et\/wp-json\/wp\/v2\/types\/product"}],"replies":[{"embeddable":true,"href":"https:\/\/primeshop.ee\/et\/wp-json\/wp\/v2\/comments?post=18453"}],"version-history":[{"count":3,"href":"https:\/\/primeshop.ee\/et\/wp-json\/wp\/v2\/product\/18453\/revisions"}],"predecessor-version":[{"id":18538,"href":"https:\/\/primeshop.ee\/et\/wp-json\/wp\/v2\/product\/18453\/revisions\/18538"}],"wp:featuredmedia":[{"embeddable":true,"href":"https:\/\/primeshop.ee\/et\/wp-json\/wp\/v2\/media\/18535"}],"wp:attachment":[{"href":"https:\/\/primeshop.ee\/et\/wp-json\/wp\/v2\/media?parent=18453"}],"wp:term":[{"taxonomy":"product_brand","embeddable":true,"href":"https:\/\/primeshop.ee\/et\/wp-json\/wp\/v2\/product_brand?post=18453"},{"taxonomy":"product_cat","embeddable":true,"href":"https:\/\/primeshop.ee\/et\/wp-json\/wp\/v2\/product_cat?post=18453"},{"taxonomy":"product_tag","embeddable":true,"href":"https:\/\/primeshop.ee\/et\/wp-json\/wp\/v2\/product_tag?post=18453"}],"curies":[{"name":"wp","href":"https:\/\/api.w.org\/{rel}","templated":true}]}}