{"id":18448,"date":"2024-04-16T08:07:32","date_gmt":"2024-04-16T08:07:32","guid":{"rendered":"https:\/\/primeshop.ee\/?post_type=product&#038;p=18448"},"modified":"2026-04-02T07:37:26","modified_gmt":"2026-04-02T07:37:26","slug":"moisturizing-hand-cream-oriental-ayurvedic-amber-vanilla-patchouli-fragrance","status":"publish","type":"product","link":"https:\/\/primeshop.ee\/et\/shop\/moisturizing-hand-cream-oriental-ayurvedic-amber-vanilla-patchouli-fragrance\/","title":{"rendered":"Niisutav k\u00e4tekreem Oriental Ayurveda merevaigu-vanilje pat\u0161uli l\u00f5hn"},"content":{"rendered":"<p><strong>KOOSTIS:<\/strong><\/p>\n<p>AQUA (VESI), PRUNUS AMYGDALUS DULCIS (MAGUSMANDLI) \u00d5LI, PROP\u00dcLEENGLYKOOL, BUTYROSPERMUM PARKII (SHEA) V\u00d5I, PARFUM (L\u00d5HNAAINE), TSET\u00dc\u00dcLIALKOHOL, PEG-8 STEARAAT, TSETEAR\u00dc\u00dcLALKOKOHOHOOL, PET\u00dc\u00dc\u00dcLALKOHOHOOL. BENS\u00dc\u00dcLALKOHOL , Dimetikoon, PEG-20 stearaat, pent\u00fcleenigl\u00fckool, karbomeer, tokof\u00fc\u00fcliatsetaat, kapr\u00fc\u00fc\u00fclgl\u00fckool, dek\u00fcleengl\u00fckool, kumariin, allantoiin, karj\u00e4\u00e4ri, uurea, naatriumh\u00fcdroksiid, linaloool, liminool, bht, bens\u00fc\u00fcl bens\u00fc\u00fcl, bens\u00fc\u00fclrisk<\/p>\n<p class=\"prod-ss-title color3\">Koostisosade loetelu v\u00f5ib varieeruda, soovitame teil alati kontrollida ostetud toote loendit.<\/p>\n<p class=\"prod-ss-title color3\"><strong>PEAMISED AKTIIVSED KOOSTISAINED:<\/strong><\/p>\n<p class=\"prod-ss-title color3\">Magusa mandli\u00f5li, sheav\u00f5i, kookos\u00f5li<\/p>\n<p class=\"prod-ss-title color3\"><strong>JUHISED KASUTAMISEKS:<\/strong><\/p>\n<p class=\"prod-ss-title color3\">Kandke tilk toodet puhastele ja kuivadele k\u00e4tele igal kellaajal.<\/p>","protected":false},"excerpt":{"rendered":"<p>T\u00e4nu oma rikkalikule ja kreemjale tekstuurile, mis p\u00f5hineb toitval sheav\u00f5il ja magusmandli\u00f5lil, pakub see silmatorkav k\u00e4tekreem ainulaadset sensoorset koostist ning heaolu- ja mugavustunnet. Nahk saavutab sametise pehmuse. \u00d5rn k\u00f5ikidele nahat\u00fc\u00fcpidele.<\/p>\n<p>*epidermise \u00fclemiste kihtide niisutamine<\/p>","protected":false},"featured_media":18530,"comment_status":"open","ping_status":"closed","template":"","meta":[],"product_brand":[350],"product_cat":[327,332],"product_tag":[],"class_list":{"0":"post-18448","1":"product","2":"type-product","3":"status-publish","4":"has-post-thumbnail","6":"product_brand-la-sultane-de-saba","7":"product_cat-body","8":"product_cat-hand-cream","10":"first","11":"instock","12":"taxable","13":"shipping-taxable","14":"purchasable","15":"product-type-simple"},"_links":{"self":[{"href":"https:\/\/primeshop.ee\/et\/wp-json\/wp\/v2\/product\/18448","targetHints":{"allow":["GET"]}}],"collection":[{"href":"https:\/\/primeshop.ee\/et\/wp-json\/wp\/v2\/product"}],"about":[{"href":"https:\/\/primeshop.ee\/et\/wp-json\/wp\/v2\/types\/product"}],"replies":[{"embeddable":true,"href":"https:\/\/primeshop.ee\/et\/wp-json\/wp\/v2\/comments?post=18448"}],"version-history":[{"count":2,"href":"https:\/\/primeshop.ee\/et\/wp-json\/wp\/v2\/product\/18448\/revisions"}],"predecessor-version":[{"id":18452,"href":"https:\/\/primeshop.ee\/et\/wp-json\/wp\/v2\/product\/18448\/revisions\/18452"}],"wp:featuredmedia":[{"embeddable":true,"href":"https:\/\/primeshop.ee\/et\/wp-json\/wp\/v2\/media\/18530"}],"wp:attachment":[{"href":"https:\/\/primeshop.ee\/et\/wp-json\/wp\/v2\/media?parent=18448"}],"wp:term":[{"taxonomy":"product_brand","embeddable":true,"href":"https:\/\/primeshop.ee\/et\/wp-json\/wp\/v2\/product_brand?post=18448"},{"taxonomy":"product_cat","embeddable":true,"href":"https:\/\/primeshop.ee\/et\/wp-json\/wp\/v2\/product_cat?post=18448"},{"taxonomy":"product_tag","embeddable":true,"href":"https:\/\/primeshop.ee\/et\/wp-json\/wp\/v2\/product_tag?post=18448"}],"curies":[{"name":"wp","href":"https:\/\/api.w.org\/{rel}","templated":true}]}}