{"id":18431,"date":"2024-04-16T06:49:25","date_gmt":"2024-04-16T06:49:25","guid":{"rendered":"https:\/\/primeshop.ee\/?post_type=product&#038;p=18431"},"modified":"2026-03-10T08:25:06","modified_gmt":"2026-03-10T08:25:06","slug":"beauty-oil-oriental-ayurvedic-amber-vanilla-patchouli-fragrance","status":"publish","type":"product","link":"https:\/\/primeshop.ee\/et\/shop\/beauty-oil-oriental-ayurvedic-amber-vanilla-patchouli-fragrance\/","title":{"rendered":"Idamaine ilu\u00f5li Ajurveda  merevaik Vanilje pat\u0161uli aroom"},"content":{"rendered":"<p><strong>KOOSTISOSAD:<\/strong><\/p>\n<p>HELIANTHUS ANNUUS (P\u00c4EVALILLE) SEEMNE\u00d5LI, PARFUM (L\u00d5HNAAINE), DAUCUS CAROTA SATIVA (PORGANDI) JUUREKSTRAKT, OPUNTIA FICUS-INDICA LILLEKSTRAKT, KUMARIIIN, LINALOOL, LIMONEEN, BENS\u00dc\u00dcLBENNEENAMAT<\/p>\n<p>&nbsp;<\/p>\n<p class=\"prod-ss-title color3\">Koostisosade loetelu v\u00f5ib varieeruda, soovitame teil alati kontrollida ostetud toote loendit.<\/p>\n<p class=\"prod-ss-title color3\"><strong>JUHISED KASUTAMISEKS:<\/strong><\/p>\n<p class=\"prod-ss-title color3\">Iga p\u00e4ev kandke \u00f5li kergete massaa\u017eidega nahale ja\/v\u00f5i juustele, et seda valgustada.<\/p>","protected":false},"excerpt":{"rendered":"<ul>\n<li>Sensuaalsuse aare, see v\u00e4\u00e4rtuslik \u00f5li \u00fchendab nii suvel kui talvel oma toitva efektiivsuse satiinse j\u00f5uga, mis niisutab* ja sublimeerib samal ajal.<\/li>\n<\/ul>\n<p>Valgustatuna on nii keha kui ka juuksed m\u00e4hitud peenesse l\u00f5hna ning taastavad oma elastsuse ja s\u00e4ra.<\/p>\n<p>*epidermise \u00fclemiste kihtide niisutamine<\/p>","protected":false},"featured_media":18566,"comment_status":"open","ping_status":"closed","template":"","meta":[],"product_brand":[350],"product_cat":[328,327],"product_tag":[],"class_list":{"0":"post-18431","1":"product","2":"type-product","3":"status-publish","4":"has-post-thumbnail","6":"product_brand-la-sultane-de-saba","7":"product_cat-beauty-oil","8":"product_cat-body","10":"first","11":"instock","12":"taxable","13":"shipping-taxable","14":"purchasable","15":"product-type-simple"},"_links":{"self":[{"href":"https:\/\/primeshop.ee\/et\/wp-json\/wp\/v2\/product\/18431","targetHints":{"allow":["GET"]}}],"collection":[{"href":"https:\/\/primeshop.ee\/et\/wp-json\/wp\/v2\/product"}],"about":[{"href":"https:\/\/primeshop.ee\/et\/wp-json\/wp\/v2\/types\/product"}],"replies":[{"embeddable":true,"href":"https:\/\/primeshop.ee\/et\/wp-json\/wp\/v2\/comments?post=18431"}],"version-history":[{"count":6,"href":"https:\/\/primeshop.ee\/et\/wp-json\/wp\/v2\/product\/18431\/revisions"}],"predecessor-version":[{"id":18478,"href":"https:\/\/primeshop.ee\/et\/wp-json\/wp\/v2\/product\/18431\/revisions\/18478"}],"wp:featuredmedia":[{"embeddable":true,"href":"https:\/\/primeshop.ee\/et\/wp-json\/wp\/v2\/media\/18566"}],"wp:attachment":[{"href":"https:\/\/primeshop.ee\/et\/wp-json\/wp\/v2\/media?parent=18431"}],"wp:term":[{"taxonomy":"product_brand","embeddable":true,"href":"https:\/\/primeshop.ee\/et\/wp-json\/wp\/v2\/product_brand?post=18431"},{"taxonomy":"product_cat","embeddable":true,"href":"https:\/\/primeshop.ee\/et\/wp-json\/wp\/v2\/product_cat?post=18431"},{"taxonomy":"product_tag","embeddable":true,"href":"https:\/\/primeshop.ee\/et\/wp-json\/wp\/v2\/product_tag?post=18431"}],"curies":[{"name":"wp","href":"https:\/\/api.w.org\/{rel}","templated":true}]}}