{"id":18426,"date":"2024-04-13T19:20:36","date_gmt":"2024-04-13T19:20:36","guid":{"rendered":"https:\/\/primeshop.ee\/?post_type=product&#038;p=18426"},"modified":"2026-03-02T09:08:06","modified_gmt":"2026-03-02T09:08:06","slug":"ayurvedic-scrub-amber-vanilla-patchouli","status":"publish","type":"product","link":"https:\/\/primeshop.ee\/et\/shop\/ayurvedic-scrub-amber-vanilla-patchouli\/","title":{"rendered":"AJURVEDA KEHAKOORIJA MEREIKUVANILLA PAT\u0160ULI"},"content":{"rendered":"<p><strong>KOOSTIS:<\/strong><\/p>\n<p>AQUA (VESI), PRUNUS ARMENIACA (APRIKOOSI) SEEMNEPUULBER, PRUNUS AMYGDALUS DULCIS (MAGUSMANDLI) KOSTIPULBER, PARFUM (L\u00d5HNAAINE), GL\u00dcTSERIIN, PENT\u00dcLEENGL\u00dcKOOL, PROP\u00dcLEENGL\u00dcKOOL, ARGANIA P\u00dcLEENGLYKOOL, ARGANIA SPIOWLANNOEGNOPEGNANG-1. 9 LAUR\u00dcLGL\u00dcKOOLEETER, KARBOMEER, ET\u00dcLHEKS\u00dcLGL\u00dcTSERIIN, NAATRIUMH\u00dcDROKSIID, KUMARIIIN, ALLANTOIIN, ZINGIBER OFFICINALE (INGVER) JUUREKSTRAKKT, LINALOOL, TRIET\u00dcLEENGL\u00dcKOOL, BOROMOLDIOOL, 2-NITROENOLDIOOL, 1-BROMORIIN LIMONEEN, SIDRUHAPPE , KAALIUMSORBAT, NAATRIUMBENSOAAT, MAGNEESIUMKLORIID, MAGNEESIUMNITRAAT, MET\u00dcLKLLOROISOTIASOLINOON, TOKOFEROOL, MET\u00dcLISOTIASOLINOON<\/p>\n<p class=\"prod-ss-title color3\">Koostisosade loetelu v\u00f5ib varieeruda, soovitame teil alati kontrollida ostetud toote loendit.<\/p>\n<p class=\"prod-ss-title color3\"><strong>PEAMISED AKTIIVSED KOOSTISAINED:<\/strong><\/p>\n<p class=\"prod-ss-title color3\">Apricot kernel powder, sweet almond shell powder, argan nut powder<\/p>\n<p class=\"prod-ss-title color3\"><strong>JUHISED KASUTAMISEKS:<\/strong><\/p>\n<p class=\"prod-ss-title color3\">Kandke oma kehakoorija \u00fcks v\u00f5i kaks korda n\u00e4dalas m\u00e4rjale nahale \u00f5rnade ringjate massaa\u017eidega. Keskenduge karedatele kohtadele, nagu p\u00f5lved, k\u00fc\u00fcnarnukid ja kontsad, seej\u00e4rel loputage sooja veega.<\/p>","protected":false},"excerpt":{"rendered":"<p>See purustatud aprikoosi tuumade ja argaaniakoorega kehakoorija eemaldab surnud naharakud.<\/p>","protected":false},"featured_media":18605,"comment_status":"open","ping_status":"closed","template":"","meta":[],"product_brand":[350],"product_cat":[327,331],"product_tag":[],"class_list":{"0":"post-18426","1":"product","2":"type-product","3":"status-publish","4":"has-post-thumbnail","6":"product_brand-la-sultane-de-saba","7":"product_cat-body","8":"product_cat-scrub","10":"first","11":"instock","12":"taxable","13":"shipping-taxable","14":"purchasable","15":"product-type-simple"},"_links":{"self":[{"href":"https:\/\/primeshop.ee\/et\/wp-json\/wp\/v2\/product\/18426","targetHints":{"allow":["GET"]}}],"collection":[{"href":"https:\/\/primeshop.ee\/et\/wp-json\/wp\/v2\/product"}],"about":[{"href":"https:\/\/primeshop.ee\/et\/wp-json\/wp\/v2\/types\/product"}],"replies":[{"embeddable":true,"href":"https:\/\/primeshop.ee\/et\/wp-json\/wp\/v2\/comments?post=18426"}],"version-history":[{"count":1,"href":"https:\/\/primeshop.ee\/et\/wp-json\/wp\/v2\/product\/18426\/revisions"}],"predecessor-version":[{"id":18429,"href":"https:\/\/primeshop.ee\/et\/wp-json\/wp\/v2\/product\/18426\/revisions\/18429"}],"wp:featuredmedia":[{"embeddable":true,"href":"https:\/\/primeshop.ee\/et\/wp-json\/wp\/v2\/media\/18605"}],"wp:attachment":[{"href":"https:\/\/primeshop.ee\/et\/wp-json\/wp\/v2\/media?parent=18426"}],"wp:term":[{"taxonomy":"product_brand","embeddable":true,"href":"https:\/\/primeshop.ee\/et\/wp-json\/wp\/v2\/product_brand?post=18426"},{"taxonomy":"product_cat","embeddable":true,"href":"https:\/\/primeshop.ee\/et\/wp-json\/wp\/v2\/product_cat?post=18426"},{"taxonomy":"product_tag","embeddable":true,"href":"https:\/\/primeshop.ee\/et\/wp-json\/wp\/v2\/product_tag?post=18426"}],"curies":[{"name":"wp","href":"https:\/\/api.w.org\/{rel}","templated":true}]}}