{"id":18421,"date":"2024-04-12T15:06:32","date_gmt":"2024-04-12T15:06:32","guid":{"rendered":"https:\/\/primeshop.ee\/?post_type=product&#038;p=18421"},"modified":"2026-03-27T08:31:30","modified_gmt":"2026-03-27T08:31:30","slug":"bb-brides-day-cream-rose-fragrance","status":"publish","type":"product","link":"https:\/\/primeshop.ee\/et\/shop\/bb-brides-day-cream-rose-fragrance\/","title":{"rendered":"BB Bride\u2019i p\u00e4evakreem, roosil\u00f5hn"},"content":{"rendered":"<p><strong>KOOSTIS:<\/strong><\/p>\n<p>AQUA (VESI), PROP\u00dcLEENGL\u00dcKOOL, PRUNUS AMYGDALUS DULCIS (MAGUSMANDLI) \u00d5LI, BUTYROSPERMUM PARKII (SHEA) V\u00d5I, PARFUM (L\u00d5HNAAINE), UREA, PEG-8 STEARAAT, TSET\u00dc\u00dcLALKOOL, CETEARYOLOTLUS DULCIS PULCIOPHY PHONE PHONE \u00d5LI, BENS\u00dc\u00dcLALKOHOL, DIMETIKOON, KARBOMEER, PENT\u00dcLEENGL\u00dcKOOL, PEG-20 STEARAT, KAPR\u00dc\u00dcLGL\u00dcKOOL, TOKOFEER\u00dcLATSETAAT, DETTS\u00dcLEENGL\u00dcKOOL, NAATRIUMH\u00dcDROKSIID, ALLANTOIIN, TSITRONELLOOL, GERAKSSIOLTSILINTRA 7.5 L, BHT, CI 19140 (KOLLANE 5 ), CI 14700 (PUNANE 4)<\/p>\n<p class=\"prod-ss-title color3\">Koostisosade loetelu v\u00f5ib varieeruda, soovitame teil alati kontrollida ostetud toote loendit.<\/p>\n<p class=\"prod-ss-title color3\"><strong>PEAMISED AKTIIVSED KOOSTISAINED:<\/strong><\/p>\n<p class=\"prod-ss-title color3\">Magusa mandli\u00f5li, sheav\u00f5i, kookos\u00f5li<\/p>\n<p class=\"prod-ss-title color3\"><strong>JUHISED KASUTAMISEKS:<\/strong><\/p>\n<p class=\"prod-ss-title color3\">Kandke iga p\u00e4ev tilk toodet puhtale nahale, masseerides n\u00e4o keskosast v\u00e4ljapoole. Saab kasutada jumestuse alusena.<\/p>","protected":false},"excerpt":{"rendered":"<p>T\u00e4nu oma loomulikule pigmendile taastab see sile ja niisutav* kreem s\u00e4ra ja nooruslikuma v\u00e4limuse. Jume on s\u00e4rav ja s\u00e4rav.<br \/>\n*epidermise \u00fclemiste kihtide niisutamine<\/p>","protected":false},"featured_media":18419,"comment_status":"open","ping_status":"closed","template":"","meta":[],"product_brand":[350],"product_cat":[301,217],"product_tag":[],"class_list":{"0":"post-18421","1":"product","2":"type-product","3":"status-publish","4":"has-post-thumbnail","6":"product_brand-la-sultane-de-saba","7":"product_cat-face-care","8":"product_cat-face","10":"first","11":"instock","12":"sale","13":"taxable","14":"shipping-taxable","15":"purchasable","16":"product-type-variable"},"_links":{"self":[{"href":"https:\/\/primeshop.ee\/et\/wp-json\/wp\/v2\/product\/18421","targetHints":{"allow":["GET"]}}],"collection":[{"href":"https:\/\/primeshop.ee\/et\/wp-json\/wp\/v2\/product"}],"about":[{"href":"https:\/\/primeshop.ee\/et\/wp-json\/wp\/v2\/types\/product"}],"replies":[{"embeddable":true,"href":"https:\/\/primeshop.ee\/et\/wp-json\/wp\/v2\/comments?post=18421"}],"version-history":[{"count":2,"href":"https:\/\/primeshop.ee\/et\/wp-json\/wp\/v2\/product\/18421\/revisions"}],"predecessor-version":[{"id":18425,"href":"https:\/\/primeshop.ee\/et\/wp-json\/wp\/v2\/product\/18421\/revisions\/18425"}],"wp:featuredmedia":[{"embeddable":true,"href":"https:\/\/primeshop.ee\/et\/wp-json\/wp\/v2\/media\/18419"}],"wp:attachment":[{"href":"https:\/\/primeshop.ee\/et\/wp-json\/wp\/v2\/media?parent=18421"}],"wp:term":[{"taxonomy":"product_brand","embeddable":true,"href":"https:\/\/primeshop.ee\/et\/wp-json\/wp\/v2\/product_brand?post=18421"},{"taxonomy":"product_cat","embeddable":true,"href":"https:\/\/primeshop.ee\/et\/wp-json\/wp\/v2\/product_cat?post=18421"},{"taxonomy":"product_tag","embeddable":true,"href":"https:\/\/primeshop.ee\/et\/wp-json\/wp\/v2\/product_tag?post=18421"}],"curies":[{"name":"wp","href":"https:\/\/api.w.org\/{rel}","templated":true}]}}