{"id":3,"date":"2023-07-04T13:37:36","date_gmt":"2023-07-04T13:37:36","guid":{"rendered":"https:\/\/primeshop.ee\/?page_id=3"},"modified":"2024-04-19T08:49:24","modified_gmt":"2024-04-19T08:49:24","slug":"terms-and-privacy","status":"publish","type":"page","link":"https:\/\/primeshop.ee\/et\/terms-and-privacy\/","title":{"rendered":"Tingimused ja privaatsus"},"content":{"rendered":"<div data-elementor-type=\"wp-page\" data-elementor-id=\"3\" class=\"elementor elementor-3\">\n\t\t\t\t\t\t<section class=\"wd-negative-gap elementor-section elementor-top-section elementor-element elementor-element-5fd21f40 elementor-section-boxed elementor-section-height-default elementor-section-height-default\" data-id=\"5fd21f40\" data-element_type=\"section\" data-e-type=\"section\">\n\t\t\t\t\t\t<div class=\"elementor-container elementor-column-gap-default\">\n\t\t\t\t\t<div class=\"elementor-column elementor-col-100 elementor-top-column elementor-element elementor-element-31611ab9\" data-id=\"31611ab9\" data-element_type=\"column\" data-e-type=\"column\">\n\t\t\t<div class=\"elementor-widget-wrap elementor-element-populated\">\n\t\t\t\t\t\t<div class=\"elementor-element elementor-element-f5d654d color-scheme-inherit text-left elementor-widget elementor-widget-text-editor\" data-id=\"f5d654d\" data-element_type=\"widget\" data-e-type=\"widget\" data-widget_type=\"text-editor.default\">\n\t\t\t\t<div class=\"elementor-widget-container\">\n\t\t\t\t\t\t\t\t\t<p><\/p>\n<div>\n<div>\n<div>\n<h1 class=\"wp-block-heading\"><span data-ui-id=\"page-title-wrapper\">Tingimused ja privaatsus<\/span><\/h1>\n<\/div>\n<\/div>\n<\/div>\n<p><\/p><main><a tabindex=\"-1\"><\/a><p><\/p>\n<div>\n<div data-placeholder=\"messages\">&nbsp;<\/div>\n<div data-component=\"messages\" data-config=\"{&quot;messages&quot;:[]}\">&nbsp;<\/div>\n<\/div>\n<div>\n<div>\n<div data-mage-init=\"{&quot;Mirasvit_Feed\\\/js\\\/report245&quot;:[]}\">&nbsp;<\/div>\n<div data-content-type=\"html\" data-appearance=\"default\" data-element=\"main\" data-decoded=\"true\">\n<div>\n<p><strong>M\u00fc\u00fcgilepingu kehtivus, kauba- ja hinnainfo<\/strong><\/p>\n<p>Veebipoes m\u00fc\u00fcdavate toodete hinnad on m\u00e4rgitud toodete juurde. Hinnale lisandub tasu kauba k\u00e4ttetoimetamise eest. Kauba k\u00e4ttetoimetamise tasu s\u00f5ltub ostja asukohast ning k\u00e4ttetoimetamise viisist. K\u00e4ttetoimetamise tasu kuvatakse ostjale tellimuse vormistamisel.<\/p>\n<p>Teave kauba kohta on esitatud Veebipoes vahetult kauba juures.<\/p>\n<p>Kauba ostu-m\u00fc\u00fcgileping loetakse s\u00f5lmituks peale tellimuse esitamist Ostja poolt ja tellimuse kinnituse saamist M\u00fc\u00fcja poolt. Tellimuse kinnitus saadetakse e-postiga.<\/p>\n<p><\/p>\n<p><strong>Tellimuse vormistamine<\/strong><\/p>\n<p>Kauba tellimiseks tuleb lisada soovitud tooted ostukorvi. Tellimuse vormistamiseks tuleb t\u00e4ita n\u00f5utud andmev\u00e4ljad ning valida sobiv toodete kohaletoimetamise viis. Seej\u00e4rel kuvatakse ekraanile tasu suurus, mille saab tasuda pangalingi kaudu v\u00f5i muu makselahenduse abil. Leping j\u00f5ustub alates tasumisele kuuluva summa laekumisest Veebipoe arvelduskontole. Kui tellitud kaupa ei ole v\u00f5imalik tarnida seoses kauba l\u00f5ppemisega v\u00f5i muul p\u00f5hjusel, teavitatakse sellest ostjat esimesel v\u00f5imalusel ning tagastatakse tasutud raha (sh kauba k\u00e4ttetoimetamise kulud) viivitamata, kuid mitte hiljem kui 14 p\u00e4eva jooksul teate saatmisest.<\/p>\n<p><\/p>\n<p><strong>Kohaletoimetamine<\/strong><\/p>\n<p>Kaupu saadetakse j\u00e4rgmistesse riikidesse: Eesti.<\/p>\n<p>Kauba saatmiskulud kannab ostja ning vastav hinnainfo on kuvatud saatmisviisi juures. Eestisisesed saadetised j\u00f5uavad \u00fcldjuhul ostja m\u00e4\u00e4ratud sihtpunkti 1-7 t\u00f6\u00f6p\u00e4eva jooksul alates m\u00fc\u00fcgilepingu j\u00f5ustumist.<\/p>\n<p>Erandlikel juhtumitel on \u00f5igus kaup kohale toimetada kuni 45 kalendrip\u00e4eva jooksul.<\/p>\n<p><\/p>\n<p><strong>Taganemis\u00f5igus<\/strong><\/p>\n<p>Lepingust taganemine on lubatud 14 p\u00e4eva jooksul alates tellimuse k\u00e4ttesaamisest veebipoe kaudu. Avatud pakendis kosmeetika ja parf\u00fc\u00fcmid ei kuulu tagastamisele. Samuti ei kuulu tagastamisele tooted, mille kasutamist (v\u00f5i mittekasutamist) ei saa kontrollida. N\u00e4iteks jumestustoodete puhul, mille s\u00e4ilivusaeg on suhteliselt l\u00fchike, s\u00f5ltub see otseselt pakendi avamise ajast. Taganemis\u00f5igus ei kehti, kui ostjaks on juriidiline isik. 14-p\u00e4evase tagastus\u00f5iguse saamiseks ei tohi tellitud kaupa olla kasutatud muul viisil, kui on vajalik kauba olemuses, omadustes ja toimimises veendumiseks, samamoodi nagu tooteid v\u00f5idakse testida. f\u00fc\u00fcsiline pood. Kui kaupa on kasutatud muul otstarbel kui see, mis on vajalik kauba olemuses, omadustes ja toimimises veendumiseks v\u00f5i kui kaubal on kasutamise v\u00f5i kulumise m\u00e4rke, on veebipoel \u00f5igus alandada tagastatavat tasu vastavalt kauba kauba v\u00e4\u00e4rtuse v\u00e4henemine. Kauba tagastamiseks tuleb 14 p\u00e4eva jooksul kauba k\u00e4ttesaamisest saata meile e-kiri aadressile info@primeshop.ee. Toodete tagastamisel kannab kulud ostja, v\u00e4lja arvatud juhul, kui tagastamise p\u00f5hjuseks on see, et toode ei vastanud tellitule (nt oli ebakorrektne v\u00f5i defektne). Ostja peab kauba tagastama 14 p\u00e4eva jooksul alates avalduse esitamise kuup\u00e4evast v\u00f5i esitama t\u00f5endi, et ta on selle selle aja jooksul kauba vedajale \u00fcle andnud. Niipea, kui veebipood on tagastatud kauba k\u00e4tte saanud, tagastatakse talle k\u00f5ik ostjalt lepingu alusel laekunud maksed viivitamata, kuid mitte hiljem kui 14 p\u00e4eva jooksul taganemisteate k\u00e4ttesaamisest. Veebipood v\u00f5ib keelduda ostjale raha tagastamisest kuni lepingu esemeks oleva kauba k\u00e4ttesaamiseni v\u00f5i kuni ostja on esitanud t\u00f5endi kauba tagastamise kohta, olenevalt sellest, kumb toimub varem. Juhtudel, kui ostja valib s\u00f5naselgelt muu tarneviisi kui veebipoe pakutud odavaima kohaletoimetamise v\u00f5imalus, ei ole veebipood kohustatud tarbijale h\u00fcvitama kulu, mis \u00fcletab tavap\u00e4rase k\u00e4ttetoimetamise viisi maksumust. Veebipoel on \u00f5igus m\u00fc\u00fcgist taganeda ja n\u00f5uda ostjalt kauba tagastamist, kui e-poes on kauba hinnakujunduses ilmnenud viga, mis viib selle turuhinnast oluliselt allapoole.<\/p>\n<p><\/p>\n<p><strong>Otseturustus ja isikuandmete t\u00f6\u00f6tlemine<\/strong><\/p>\n<p>Veebipood kasutab ostja poolt sisestatud isikuandmeid (sh nimi, telefoninumber, aadress, e-maili aadress, pangarekvisiidid) ainult tellimuse t\u00f6\u00f6tlemiseks ning kauba ostjale saatmiseks.<\/p>\n<p><\/p>\n<p>Veebipood edastab isikuandmeid veoteenust pakkuvale ettev\u00f5tetele selleks, et kohale toimetada kaupa.<\/p>\n<p>Veebipood saadab ostjale uudiskirju ning pakkumisi ostja e-maili aadressile ainult juhul, kui ostja on selleks avaldanud soovi sisestades veebilehel e-kirja aadressi ning andnud teada oma soovist otsepostituse teadete saamiseks. Ostjal on igal ajal v\u00f5imalik loobuda e-postile saadetavatest pakkumistest ja uudiskirjadest andes sellest meile teada e-kirja teel info@primeshop.ee  v\u00f5i j\u00e4rgides pakkumisi sisaldava e-kirjas toodud juhiseid.<\/p>\n<p><\/p>\n<p><strong>K\u00fcpsiste kasutamine<\/strong><\/p>\n<p>Kasutajate paremaks teenindamiseks kasutab  primeshop.ee veebileht k\u00fcpsiseid ehk cookie\u2019sid.<\/p>\n<p><strong>K\u00fcpsistest keeldumine<\/strong><\/p>\n<p>Kasutajal on \u00f5igus keelduda k\u00fcpsiste salvestamisest arvutisse. Vastava soovi korral peab kasutaja muutma oma veebilehitseja seadeid. Eri \u00fc\u00fcpi veebilehitsejad kasutavad k\u00fcpsiste keelamiseks erinevaid meetodeid. T\u00e4psem informatsioon on kuvatud veebilehel http:\/\/www.aki.ee\/et\/kupsised. K\u00fcpsiste blokeerimisel peab kasutaja arvestama, et k\u00f5ik veebilehe funktsioonid ei pruugi p\u00e4rast k\u00fcpsiste blokeerimist enam kasutajale k\u00e4ttesaadavad olla.<\/p>\n<p><\/p>\n<p><strong>Mis on k\u00fcpsis ehk cookie?<\/strong><\/p>\n<p>K\u00fcpsis on tekstifail, mille saadavad ja salvestavad kasutaja arvutisse veebilehed, mida kasutaja k\u00fclastab. K\u00fcpsis salvestatakse kasutaja veebilehitseja failikataloogi. Juhul kui kasutaja on veebilehte varem k\u00fclastanud, loeb veebilehitseja k\u00fcpsist ning edastab vastava teabe veebilehele v\u00f5i elemendile, mis k\u00fcpsise algul salvestas. Lisateave k\u00fcpsiste kohta on k\u00e4ttesaadav veebilehel http:\/\/www.aki.ee\/et\/kupsised. K\u00fcpsised v\u00f5imaldavad j\u00e4lgida veebilehe kasutusstatistikat, rubriikide populaarsust ning muid veebilehel tehtavaid toiminguid. K\u00fcpsisest saadavat teavet kasutatakse veebilehe kasutusmugavuse ja sisu parandamise eesm\u00e4rgil.<\/p>\n<p><\/p>\n<p><strong>Veebilehel kasutatavate k\u00fcpsiste t\u00fc\u00fcbid<\/strong><\/p>\n<p>P\u00fcsik\u00fcpsised on h\u00e4davajalikud veebilehel ringi liikumiseks ja selle funktsioonide kasutamiseks. P\u00fcsik\u00fcpsiste puudumisel ei saaks kasutaja kasutada k\u00f5iki veebilehe funktsioone. Sessioonik\u00fcpsised v\u00f5imaldavad veebilehel meelde j\u00e4tta kasutaja poolt tehtud varasemaid valikuid (n\u00e4iteks kasutajanimi, keelevalik jne) ning pakkuda seel\u00e4bi t\u00f5husamaid ja isikup\u00e4rasemaid funktsioone. J\u00e4lgimisk\u00fcpsised koguvad andmeid kasutaja k\u00e4itumisest veebilehel. J\u00e4lgimisk\u00fcpsisest saadav informatsioon v\u00f5imaldab t\u00f5sta veebilehe kasutusmugavust. Reklaamk\u00fcpsised koguvad andmeid kasutaja sirvimisharjumuste kohta, mis omakorda v\u00f5imaldavad veebilehel esitada kasutaja eelistustega koosk\u00f5las olevat reklaamisisu. Lisaks v\u00f5imaldab vastav k\u00fcpsiseliik m\u00f5\u00f5ta reklaamikampaania t\u00f5husust.<\/p>\n<p><\/p>\n<p><strong>Pretensiooni esitamise \u00f5igus<\/strong><\/p>\n<p>Veebipood vastutab ostjale m\u00fc\u00fcdud kauba lepingutingimustele mittevastavuse v\u00f5i puuduse eest, mis oli olemas juba asja \u00fcleandmise hetkel ning mis ilmneb kuni kahe aasta jooksul, alates kauba \u00fcleandmisest ostjale. Sellest esimese kuue kuu jooksul asja \u00fcleandmisest ostjale eeldatakse, et puudus oli olemas juba asja \u00fcleandmise ajal. Vastava eelduse \u00fcmberl\u00fckkamine on Veebipoe kohustus. Ostjal on \u00f5igus puuduse ilmnemisel p\u00f6\u00f6rduda hiljemalt kahe kuu jooksul veebipoe poole, saates ekirja aadressile info@primeshop.ee. Veebipood ei vastuta puuduste eest, mis on tekkinud p\u00e4rast kauba \u00fcleandmist ostjale. Kui Veebipoest ostetud kaubal on puudused, mille eest Veebipood vastutab, parandab v\u00f5i asendab Veebipood puudusega kauba. Kui kaupa ei ole v\u00f5imalik parandada ega asendada, tagastab Veebipood ostjale k\u00f5ik m\u00fc\u00fcgilepinguga kaasnenud tasud. Veebipood vastab tarbija esitatud kaebusele kirjalikult v\u00f5i kirjalikku taasesitamist v\u00f5imaldavas vormis 15 p\u00e4eva jooksul.<\/p>\n<p><\/p>\n<p><strong>Vaidluste lahendamine<\/strong><\/p>\n<p>Pretensioonid palume saata e-posti aadressile info@primeshop.ee. Kui ostja ja veebipood ei suuda vaidlust kokkuleppe teel lahendada, on ostjal v\u00f5imalik p\u00f6\u00f6rduda tarbijavaidluste komisjoni poole. Taotlusvormi ja tingimused selleks leiate siit. Tarbijavaidluste komisjon tegeleb ostjate ja veebipoe vahel s\u00f5lmitud lepingutest tulenevate vaidlustega. Ostja kaebuse l\u00e4bivaatamine komisjonis on tasuta. Vaidluste lahendamine on saadaval ka Euroopa Liidu veebip\u00f5hise vaidluste lahendamise platvormi kaudu.<\/p>\n<\/div>\n<\/div>\n<\/div>\n<\/div>\n<p><\/p><\/main><p><\/p>\t\t\t\t\t\t\t\t<\/div>\n\t\t\t\t<\/div>\n\t\t\t\t\t<\/div>\n\t\t<\/div>\n\t\t\t\t\t<\/div>\n\t\t<\/section>\n\t\t\t\t<\/div>","protected":false},"excerpt":{"rendered":"<p>Terms and privacy &nbsp; &nbsp; &nbsp; Validity of Sales Agreement and commercial and price information Prices are displayed alongside each<\/p>","protected":false},"author":1,"featured_media":0,"parent":0,"menu_order":0,"comment_status":"closed","ping_status":"closed","template":"","meta":{"footnotes":""},"class_list":["post-3","page","type-page","status-publish","hentry"],"_links":{"self":[{"href":"https:\/\/primeshop.ee\/et\/wp-json\/wp\/v2\/pages\/3","targetHints":{"allow":["GET"]}}],"collection":[{"href":"https:\/\/primeshop.ee\/et\/wp-json\/wp\/v2\/pages"}],"about":[{"href":"https:\/\/primeshop.ee\/et\/wp-json\/wp\/v2\/types\/page"}],"author":[{"embeddable":true,"href":"https:\/\/primeshop.ee\/et\/wp-json\/wp\/v2\/users\/1"}],"replies":[{"embeddable":true,"href":"https:\/\/primeshop.ee\/et\/wp-json\/wp\/v2\/comments?post=3"}],"version-history":[{"count":31,"href":"https:\/\/primeshop.ee\/et\/wp-json\/wp\/v2\/pages\/3\/revisions"}],"predecessor-version":[{"id":18476,"href":"https:\/\/primeshop.ee\/et\/wp-json\/wp\/v2\/pages\/3\/revisions\/18476"}],"wp:attachment":[{"href":"https:\/\/primeshop.ee\/et\/wp-json\/wp\/v2\/media?parent=3"}],"curies":[{"name":"wp","href":"https:\/\/api.w.org\/{rel}","templated":true}]}}