{"id":17101,"date":"2024-01-04T14:39:01","date_gmt":"2024-01-04T14:39:01","guid":{"rendered":"https:\/\/primeshop.ee\/?page_id=17101"},"modified":"2026-03-09T12:52:34","modified_gmt":"2026-03-09T12:52:34","slug":"delivery","status":"publish","type":"page","link":"https:\/\/primeshop.ee\/et\/delivery\/","title":{"rendered":"Kohaletoimetamine"},"content":{"rendered":"<div data-elementor-type=\"wp-page\" data-elementor-id=\"17101\" class=\"elementor elementor-17101\">\n\t\t\t\t\t\t<section class=\"wd-negative-gap elementor-section elementor-top-section elementor-element elementor-element-eebdaa5 elementor-section-boxed elementor-section-height-default elementor-section-height-default\" data-id=\"eebdaa5\" data-element_type=\"section\" data-e-type=\"section\">\n\t\t\t\t\t\t<div class=\"elementor-container elementor-column-gap-default\">\n\t\t\t\t\t<div class=\"elementor-column elementor-col-100 elementor-top-column elementor-element elementor-element-6654d0a2\" data-id=\"6654d0a2\" data-element_type=\"column\" data-e-type=\"column\">\n\t\t\t<div class=\"elementor-widget-wrap elementor-element-populated\">\n\t\t\t\t\t\t<div class=\"elementor-element elementor-element-10fdff9c elementor-widget__width-initial color-scheme-inherit text-left elementor-widget elementor-widget-text-editor\" data-id=\"10fdff9c\" data-element_type=\"widget\" data-e-type=\"widget\" data-widget_type=\"text-editor.default\">\n\t\t\t\t<div class=\"elementor-widget-container\">\n\t\t\t\t\t\t\t\t\t<h1 style=\"text-align: center;\"><span data-ui-id=\"page-title-wrapper\">Kohaletoimetamine<\/span><\/h1><h5><span style=\"color: var(--wd-title-color); font-family: var(--wd-title-font); font-size: 16px; font-style: var(--wd-title-font-style); font-weight: var(--wd-title-font-weight); text-transform: var(--wd-title-transform); text-align: var(--text-align); background-color: var(--wd-main-bgcolor);\">Kui tellid \u00fcle\u00a0<\/span><strong style=\"color: var(--wd-title-color); font-family: var(--wd-title-font); font-size: 16px; font-style: var(--wd-title-font-style); text-transform: var(--wd-title-transform); text-align: var(--text-align); background-color: var(--wd-main-bgcolor);\"><u>\u20ac65<\/u><\/strong><span style=\"color: var(--wd-title-color); font-family: var(--wd-title-font); font-size: 16px; font-style: var(--wd-title-font-style); font-weight: var(--wd-title-font-weight); text-transform: var(--wd-title-transform); text-align: var(--text-align); background-color: var(--wd-main-bgcolor);\">\u00a0v\u00e4\u00e4rtuses ilutooteid, siis saadame\u00a0<\/span><strong style=\"color: var(--wd-title-color); font-family: var(--wd-title-font); font-size: 16px; font-style: var(--wd-title-font-style); text-transform: var(--wd-title-transform); text-align: var(--text-align); background-color: var(--wd-main-bgcolor);\"><u>Sulle TASUTA<\/u><\/strong><span style=\"color: var(--wd-title-color); font-family: var(--wd-title-font); font-size: 16px; font-style: var(--wd-title-font-style); font-weight: var(--wd-title-font-weight); text-transform: var(--wd-title-transform); text-align: var(--text-align); background-color: var(--wd-main-bgcolor);\">pakiautomaati.<img loading=\"lazy\" decoding=\"async\" class=\"wp-image-18090 alignright\" src=\"https:\/\/primeshop.ee\/wp-content\/uploads\/2024\/03\/primeshop.ee_delivery-300x300.png\" alt=\"\" width=\"435\" height=\"435\" srcset=\"https:\/\/primeshop.ee\/wp-content\/uploads\/2024\/03\/primeshop.ee_delivery-300x300.png 300w, https:\/\/primeshop.ee\/wp-content\/uploads\/2024\/03\/primeshop.ee_delivery-430x430.png 430w, https:\/\/primeshop.ee\/wp-content\/uploads\/2024\/03\/primeshop.ee_delivery-150x150.png 150w, https:\/\/primeshop.ee\/wp-content\/uploads\/2024\/03\/primeshop.ee_delivery-700x700.png 700w, https:\/\/primeshop.ee\/wp-content\/uploads\/2024\/03\/primeshop.ee_delivery-64x64.png 64w, https:\/\/primeshop.ee\/wp-content\/uploads\/2024\/03\/primeshop.ee_delivery-800x800.png 800w, https:\/\/primeshop.ee\/wp-content\/uploads\/2024\/03\/primeshop.ee_delivery-768x768.png 768w, https:\/\/primeshop.ee\/wp-content\/uploads\/2024\/03\/primeshop.ee_delivery-1536x1536.png 1536w, https:\/\/primeshop.ee\/wp-content\/uploads\/2024\/03\/primeshop.ee_delivery-12x12.png 12w, https:\/\/primeshop.ee\/wp-content\/uploads\/2024\/03\/primeshop.ee_delivery-860x860.png 860w, https:\/\/primeshop.ee\/wp-content\/uploads\/2024\/03\/primeshop.ee_delivery.png 2048w\" sizes=\"auto, (max-width: 435px) 100vw, 435px\" \/><\/span><\/h5><p>Kui esitad tellimuse E-R enne kella 13.00, anname Sinu paki 48h jooksul \u00fcle postiasutusele. Kui vormistad tellimuse reedel p\u00e4rast kella 13.00, laup\u00e4eval\/p\u00fchap\u00e4eval v\u00f5i riigip\u00fchal, algab 48h piirang kehtima j\u00e4rgnevast esimesest t\u00f6\u00f6p\u00e4evast.<\/p><p><strong>PAKIAUTOMAADID<\/strong><\/p><p>Tellitud tooted j\u00f5uavad reeglina Sulle sobivaima asukohaga pakiautomaati 48h jooksul alates tellimuse kinnituse saamisest e-kirjana. PrimeShop ei vastuta transpordist tingitud viivituste eest. K\u00fclmal perioodil palume valida igaks juhuks seesmisi automaate, et ilutooted v\u00f5imalikku k\u00fclma ei saaks. Kui tellitud kaup on pakiautomaadis, saadetakse Sulle telefonile SMS, mis sisaldab pakiautomaadi avamiseks vajalikku koodi.<\/p><p>Pakiautomaatide valiku saad teha j\u00e4rgnevate vahel:<\/p><p>SmartPost Pickup points: \u20ac3.00<\/p><p><span style=\"text-decoration: underline;\"><a href=\"https:\/\/www.smartposti.ee\/teeninduspunktid\" target=\"_blank\" rel=\"noopener\">Pakiautomaatide asukohad<\/a><\/span><\/p><p>DPD Pickup points: \u20ac3.50<\/p><p><span style=\"text-decoration: underline;\"><a href=\"https:\/\/www.dpd.com\/ee\/en\/receipt-of-consignments\/pickup-points\/\" target=\"_blank\" rel=\"noopener\">Pakiautomaatide asukohad<\/a><\/span><\/p><p><strong>KULLER<\/strong><\/p><p>Kauba saad tellida ka kulleriga otse sobivasse kohta. Kuller toimetab paki Sinu tellimuses m\u00e4rgitud aadressini reeglina 48h jooksul alates tellimuse kinnituse saamisest e-kirjana. Kulleriga k\u00e4ttetoimetamise korral helistab kuller Sulle ette ning lepib kokku sobiva aja paki \u00fcleandmiseks.<\/p><p>Tellimuse \u00fcleandmine toimub vaid tellimuses m\u00e4rgitud ostjale isikut t\u00f5endava dokumendi esitamisel. Kolmandatele isikutele toodete \u00fcleandmine toimub ainult kokkuleppel Toodete ostjaga.<\/p><p>T\u00c4HELEPANU! Pakendi peal olev triipkood on 14 p\u00e4evase tagastusperioodi aluseks. Palun s\u00e4ilita see number kaheks n\u00e4dalaks, juhuks, kui peaksid seda, sel perioodil mingil p\u00f5hjusel vajama. Kui kuller ei saa kliendiga, telefoni teel, kliendi esitatud vale telefoninumbri t\u00f5ttu \u00fchendust, saadetakse kaup postkontorisse tagasi ja klienti teavitatakse e-kirja teel, kuidas klient kauba hiljem k\u00e4tte saab.<\/p><p>Juhul, kui klient ei l\u00e4he kaubale j\u00e4rgi, oma valitud kauba toimetamise viisis nimetatud p\u00e4evade jooksul kaubale j\u00e4rgi, tasub klient E-pole tagastamiskulud.<\/p><p>Kulleri teenusena pakume:<\/p><p>DPD home delivery: \u20ac7.00<\/p><p><strong>TULEN KAUBALE ISE J\u00c4RELE<\/strong><\/p><p>PRIME Beauty Studio<\/p><p>Tellimusele saad j\u00e4rele tulla meie kontorisse, kui oled saanud e-kirja \u201ePakk on valmis\u201c. Asume aadressil Tuukri 1b, 10151 Tallinn. Palume pakile j\u00e4rele tulla seitsme p\u00e4eva jooksul.<\/p>\t\t\t\t\t\t\t\t<\/div>\n\t\t\t\t<\/div>\n\t\t\t\t\t<\/div>\n\t\t<\/div>\n\t\t\t\t\t<\/div>\n\t\t<\/section>\n\t\t\t\t<\/div>","protected":false},"excerpt":{"rendered":"<p>Delivery If you order more than\u00a0\u20ac65\u00a0worth of beauty products, you will receive\u00a0FREE delivery, with your items being sent to the<\/p>","protected":false},"author":1,"featured_media":0,"parent":0,"menu_order":0,"comment_status":"closed","ping_status":"closed","template":"","meta":{"footnotes":""},"class_list":["post-17101","page","type-page","status-publish","hentry"],"_links":{"self":[{"href":"https:\/\/primeshop.ee\/et\/wp-json\/wp\/v2\/pages\/17101","targetHints":{"allow":["GET"]}}],"collection":[{"href":"https:\/\/primeshop.ee\/et\/wp-json\/wp\/v2\/pages"}],"about":[{"href":"https:\/\/primeshop.ee\/et\/wp-json\/wp\/v2\/types\/page"}],"author":[{"embeddable":true,"href":"https:\/\/primeshop.ee\/et\/wp-json\/wp\/v2\/users\/1"}],"replies":[{"embeddable":true,"href":"https:\/\/primeshop.ee\/et\/wp-json\/wp\/v2\/comments?post=17101"}],"version-history":[{"count":89,"href":"https:\/\/primeshop.ee\/et\/wp-json\/wp\/v2\/pages\/17101\/revisions"}],"predecessor-version":[{"id":19958,"href":"https:\/\/primeshop.ee\/et\/wp-json\/wp\/v2\/pages\/17101\/revisions\/19958"}],"wp:attachment":[{"href":"https:\/\/primeshop.ee\/et\/wp-json\/wp\/v2\/media?parent=17101"}],"curies":[{"name":"wp","href":"https:\/\/api.w.org\/{rel}","templated":true}]}}